{"id":479,"date":"2024-04-25T06:56:50","date_gmt":"2024-04-25T04:56:50","guid":{"rendered":"https:\/\/app.brokealty.lat.do\/?page_id=479"},"modified":"2024-05-30T13:53:56","modified_gmt":"2024-05-30T13:53:56","slug":"privacy-policies","status":"publish","type":"page","link":"https:\/\/brokealty.net\/en\/privacy-policies\/","title":{"rendered":"Privacy policies"},"content":{"rendered":"<div data-elementor-type=\"wp-page\" data-elementor-id=\"479\" class=\"elementor elementor-479\" data-elementor-post-type=\"page\">\n\t\t\t\t<div class=\"elementor-element elementor-element-69025a9 e-flex e-con-boxed e-con e-parent\" data-id=\"69025a9\" data-element_type=\"container\" data-settings=\"{&quot;background_background&quot;:&quot;classic&quot;}\">\n\t\t\t\t\t<div class=\"e-con-inner\">\n\t\t<div class=\"elementor-element elementor-element-00a3db3 e-con-full e-flex e-con e-child\" data-id=\"00a3db3\" data-element_type=\"container\">\n\t\t<div class=\"elementor-element elementor-element-e520c51 e-con-full e-flex e-con e-child\" data-id=\"e520c51\" data-element_type=\"container\">\n\t\t<div class=\"elementor-element elementor-element-1b0badf e-con-full e-flex e-con e-child\" data-id=\"1b0badf\" data-element_type=\"container\">\n\t\t\t\t<div class=\"elementor-element elementor-element-97c22ed elementor-widget elementor-widget-heading\" data-id=\"97c22ed\" data-element_type=\"widget\" data-widget_type=\"heading.default\">\n\t\t\t\t<div class=\"elementor-widget-container\">\n\t\t\t\t\t<h2 class=\"elementor-heading-title elementor-size-default\">Pol\u00edticas de privacidad de Brokealty<\/h2>\t\t\t\t<\/div>\n\t\t\t\t<\/div>\n\t\t\t\t<div class=\"elementor-element elementor-element-2d7aa34 elementor-widget-divider--view-line elementor-widget elementor-widget-divider\" data-id=\"2d7aa34\" data-element_type=\"widget\" data-widget_type=\"divider.default\">\n\t\t\t\t<div class=\"elementor-widget-container\">\n\t\t\t\t\t\t\t<div class=\"elementor-divider\">\n\t\t\t<span class=\"elementor-divider-separator\">\n\t\t\t\t\t\t<\/span>\n\t\t<\/div>\n\t\t\t\t\t\t<\/div>\n\t\t\t\t<\/div>\n\t\t\t\t<div class=\"elementor-element elementor-element-991eaa4 elementor-widget__width-initial elementor-widget elementor-widget-text-editor\" data-id=\"991eaa4\" data-element_type=\"widget\" data-widget_type=\"text-editor.default\">\n\t\t\t\t<div class=\"elementor-widget-container\">\n\t\t\t\t\t\t\t\t\tLast update on Thursday May 30, 2024\t\t\t\t\t\t\t\t<\/div>\n\t\t\t\t<\/div>\n\t\t\t\t<\/div>\n\t\t<div class=\"elementor-element elementor-element-c68d1ee e-con-full e-flex e-con e-child\" data-id=\"c68d1ee\" data-element_type=\"container\">\n\t\t\t\t<\/div>\n\t\t\t\t<\/div>\n\t\t\t\t<\/div>\n\t\t\t\t\t<\/div>\n\t\t\t\t<\/div>\n\t\t<div class=\"elementor-element elementor-element-1976d9f e-flex e-con-boxed e-con e-parent\" data-id=\"1976d9f\" data-element_type=\"container\" data-settings=\"{&quot;background_background&quot;:&quot;classic&quot;}\">\n\t\t\t\t\t<div class=\"e-con-inner\">\n\t\t<div class=\"elementor-element elementor-element-2509ffc e-con-full e-flex e-con e-child\" data-id=\"2509ffc\" data-element_type=\"container\">\n\t\t<div class=\"elementor-element elementor-element-6ea438a e-con-full e-flex e-con e-child\" data-id=\"6ea438a\" data-element_type=\"container\">\n\t\t<div class=\"elementor-element elementor-element-82e99d9 e-con-full e-flex e-con e-child\" data-id=\"82e99d9\" data-element_type=\"container\">\n\t\t\t\t<div class=\"elementor-element elementor-element-4c00934 elementor-widget elementor-widget-text-editor\" data-id=\"4c00934\" data-element_type=\"widget\" data-widget_type=\"text-editor.default\">\n\t\t\t\t<div class=\"elementor-widget-container\">\n\t\t\t\t\t\t\t\t\t<p>The present\u00a0<strong>Privacy Policy<\/strong>\u00a0establishes the terms in which Brokealty uses and protects the information that is provided by its users when using its website. This company is committed to the security of its users&#039; data. When we ask you to fill out personal information fields with which you can be identified, we do so ensuring that it will only be used in accordance with the terms of this document. However, this Privacy Policy may change over time or be updated, so we recommend and emphasize that you continually review this page to ensure that you agree with such changes.<\/p><p><strong>Information that is collected<\/strong><\/p><p>Our website may collect personal information such as: Name, contact information such as your email address and demographic information. Likewise, when necessary, specific information may be required to process an order or make a delivery or billing.<\/p><p><strong>Use of collected information<\/strong><\/p><p>Our website uses the information in order to provide the best possible service, particularly to maintain a record of users, orders if applicable, and improve our products and services.  Periodic emails may be sent through our site with special offers, new products and other advertising information that we consider relevant to you or that may provide you with some benefit, these emails will be sent to the address you provide and may be canceled. whenever.<\/p><p>Brokealty is highly committed to fulfilling its commitment to keeping your information secure. We use the most advanced systems and constantly update them to ensure that there is no unauthorized access.<\/p><p><strong>cookies<\/strong><\/p><p>A cookie refers to a file that is sent with the purpose of requesting permission to be stored on your computer. Upon accepting said file, it is created and the cookie is then used to obtain information regarding web traffic, and also facilitates future visits to a website. recurrent. Another function that cookies have is that with them the websites can recognize you individually and therefore provide you with the best personalized service on their website.<\/p><p>Our website uses cookies to identify the pages that are visited and their frequency. This information is used only for statistical analysis and then the information is permanently deleted. You can delete cookies at any time from your computer. However, cookies help to provide a better service on the websites, they do not give access to information from your computer or from you, unless you want it and you directly provide it with news. You can accept or deny the use of cookies, however most browsers automatically accept cookies as it serves to have a better web service. You can also change your computer settings to decline cookies. If they decline, you may not be able to use some of our services.<\/p><p><strong>Links to Third Parties<\/strong><\/p><p>This website may contain links to other sites that may be of interest to you. Once you click on these links and leave our page, we no longer have control over the site to which you are redirected and therefore we are not responsible for the\u00a0<a href=\"https:\/\/brokealty.net\/en\/terminos-y-condiciones\/\" target=\"_blank\" rel=\"noopener\">terms or privacy<\/a>\u00a0nor the protection of your data on these other third party sites. These sites are subject to their own privacy policies, so it is recommended that you consult them to confirm that you agree with them.<\/p><p><strong>Control of your personal information<\/strong><\/p><p>At any time you may restrict the collection or use of personal information that is provided to our website. Each time you are asked to fill out a form, such as the user registration form, you can check or uncheck the option to receive information by email.  If you have selected the option to receive our newsletter or advertising, you can cancel it at any time.<\/p><p>This company will not sell, assign or distribute personal information that is collected without your consent, unless required by a judge with a court order.<\/p><p>Brokealty reserves the right to change the terms of this Privacy Policy at any time.<\/p>\t\t\t\t\t\t\t\t<\/div>\n\t\t\t\t<\/div>\n\t\t\t\t<\/div>\n\t\t<div class=\"elementor-element elementor-element-328a29f e-con-full e-flex e-con e-child\" data-id=\"328a29f\" data-element_type=\"container\" data-settings=\"{&quot;sticky&quot;:&quot;top&quot;,&quot;sticky_on&quot;:[&quot;desktop&quot;],&quot;sticky_offset&quot;:80,&quot;sticky_parent&quot;:&quot;yes&quot;,&quot;sticky_effects_offset&quot;:0,&quot;sticky_anchor_link_offset&quot;:0}\">\n\t\t\t\t<\/div>\n\t\t\t\t<\/div>\n\t\t\t\t<\/div>\n\t\t\t\t\t<\/div>\n\t\t\t\t<\/div>\n\t\t\t\t<\/div>","protected":false},"excerpt":{"rendered":"<p>This Privacy Policy establishes the terms in which Brokealty uses and protects the information that is provided by its users when using its website. This company is committed to the security of its users\u2019 data. When we ask you to fill in the fields of personal information with which you may be [\u2026]<\/p>","protected":false},"author":1,"featured_media":0,"parent":0,"menu_order":0,"comment_status":"closed","ping_status":"closed","template":"","meta":{"footnotes":""},"class_list":["post-479","page","type-page","status-publish","hentry"],"yoast_head":"<!-- This site is optimized with the Yoast SEO plugin v25.1 - https:\/\/yoast.com\/wordpress\/plugins\/seo\/ -->\n<title>Pol\u00edticas de privacidad - Brokealty<\/title>\n<meta name=\"robots\" content=\"noindex, follow, max-snippet:-1, max-image-preview:large, max-video-preview:-1\" \/>\n<meta property=\"og:locale\" content=\"en_US\" \/>\n<meta property=\"og:type\" content=\"article\" \/>\n<meta property=\"og:title\" content=\"Pol\u00edticas de privacidad - Brokealty\" \/>\n<meta property=\"og:description\" content=\"El presente\u00a0Pol\u00edtica de Privacidad\u00a0establece los t\u00e9rminos en que Brokealty usa y protege la informaci\u00f3n que es proporcionada por sus usuarios al momento de utilizar su sitio web. Esta compa\u00f1\u00eda est\u00e1 comprometida con la seguridad de los datos de sus usuarios. Cuando le pedimos llenar los campos de informaci\u00f3n personal con la cual usted pueda ser [&hellip;]\" \/>\n<meta property=\"og:url\" content=\"https:\/\/brokealty.net\/en\/privacy-policies\/\" \/>\n<meta property=\"og:site_name\" content=\"Brokealty\" \/>\n<meta property=\"article:modified_time\" content=\"2024-05-30T13:53:56+00:00\" \/>\n<meta name=\"twitter:card\" content=\"summary_large_image\" \/>\n<meta name=\"twitter:label1\" content=\"Est. reading time\" \/>\n\t<meta name=\"twitter:data1\" content=\"4 minutes\" \/>\n<script type=\"application\/ld+json\" class=\"yoast-schema-graph\">{\"@context\":\"https:\/\/schema.org\",\"@graph\":[{\"@type\":\"WebPage\",\"@id\":\"https:\/\/brokealty.net\/politicas-privacidad\/\",\"url\":\"https:\/\/brokealty.net\/politicas-privacidad\/\",\"name\":\"Pol\u00edticas de privacidad - Brokealty\",\"isPartOf\":{\"@id\":\"https:\/\/brokealty.net\/#website\"},\"datePublished\":\"2024-04-25T04:56:50+00:00\",\"dateModified\":\"2024-05-30T13:53:56+00:00\",\"breadcrumb\":{\"@id\":\"https:\/\/brokealty.net\/politicas-privacidad\/#breadcrumb\"},\"inLanguage\":\"en-US\",\"potentialAction\":[{\"@type\":\"ReadAction\",\"target\":[\"https:\/\/brokealty.net\/politicas-privacidad\/\"]}]},{\"@type\":\"BreadcrumbList\",\"@id\":\"https:\/\/brokealty.net\/politicas-privacidad\/#breadcrumb\",\"itemListElement\":[{\"@type\":\"ListItem\",\"position\":1,\"name\":\"Home\",\"item\":\"https:\/\/brokealty.net\/\"},{\"@type\":\"ListItem\",\"position\":2,\"name\":\"Pol\u00edticas de privacidad\"}]},{\"@type\":\"WebSite\",\"@id\":\"https:\/\/brokealty.net\/#website\",\"url\":\"https:\/\/brokealty.net\/\",\"name\":\"Brokealty\",\"description\":\"Desarrollo de Software Corporativo para empresas Inmobiliarias\",\"publisher\":{\"@id\":\"https:\/\/brokealty.net\/#organization\"},\"potentialAction\":[{\"@type\":\"SearchAction\",\"target\":{\"@type\":\"EntryPoint\",\"urlTemplate\":\"https:\/\/brokealty.net\/?s={search_term_string}\"},\"query-input\":{\"@type\":\"PropertyValueSpecification\",\"valueRequired\":true,\"valueName\":\"search_term_string\"}}],\"inLanguage\":\"en-US\"},{\"@type\":\"Organization\",\"@id\":\"https:\/\/brokealty.net\/#organization\",\"name\":\"Brokealty\",\"url\":\"https:\/\/brokealty.net\/\",\"logo\":{\"@type\":\"ImageObject\",\"inLanguage\":\"en-US\",\"@id\":\"https:\/\/brokealty.net\/#\/schema\/logo\/image\/\",\"url\":\"https:\/\/brokealty.net\/wp-content\/uploads\/2024\/05\/Logo.svg\",\"contentUrl\":\"https:\/\/brokealty.net\/wp-content\/uploads\/2024\/05\/Logo.svg\",\"width\":367,\"height\":80,\"caption\":\"Brokealty\"},\"image\":{\"@id\":\"https:\/\/brokealty.net\/#\/schema\/logo\/image\/\"}}]}<\/script>\n<!-- \/ Yoast SEO plugin. -->","yoast_head_json":{"title":"Pol\u00edticas de privacidad - Brokealty","robots":{"index":"noindex","follow":"follow","max-snippet":"max-snippet:-1","max-image-preview":"max-image-preview:large","max-video-preview":"max-video-preview:-1"},"og_locale":"en_US","og_type":"article","og_title":"Pol\u00edticas de privacidad - Brokealty","og_description":"El presente\u00a0Pol\u00edtica de Privacidad\u00a0establece los t\u00e9rminos en que Brokealty usa y protege la informaci\u00f3n que es proporcionada por sus usuarios al momento de utilizar su sitio web. Esta compa\u00f1\u00eda est\u00e1 comprometida con la seguridad de los datos de sus usuarios. Cuando le pedimos llenar los campos de informaci\u00f3n personal con la cual usted pueda ser [&hellip;]","og_url":"https:\/\/brokealty.net\/en\/privacy-policies\/","og_site_name":"Brokealty","article_modified_time":"2024-05-30T13:53:56+00:00","twitter_card":"summary_large_image","twitter_misc":{"Est. reading time":"4 minutes"},"schema":{"@context":"https:\/\/schema.org","@graph":[{"@type":"WebPage","@id":"https:\/\/brokealty.net\/politicas-privacidad\/","url":"https:\/\/brokealty.net\/politicas-privacidad\/","name":"Pol\u00edticas de privacidad - Brokealty","isPartOf":{"@id":"https:\/\/brokealty.net\/#website"},"datePublished":"2024-04-25T04:56:50+00:00","dateModified":"2024-05-30T13:53:56+00:00","breadcrumb":{"@id":"https:\/\/brokealty.net\/politicas-privacidad\/#breadcrumb"},"inLanguage":"en-US","potentialAction":[{"@type":"ReadAction","target":["https:\/\/brokealty.net\/politicas-privacidad\/"]}]},{"@type":"BreadcrumbList","@id":"https:\/\/brokealty.net\/politicas-privacidad\/#breadcrumb","itemListElement":[{"@type":"ListItem","position":1,"name":"Home","item":"https:\/\/brokealty.net\/"},{"@type":"ListItem","position":2,"name":"Pol\u00edticas de privacidad"}]},{"@type":"WebSite","@id":"https:\/\/brokealty.net\/#website","url":"https:\/\/brokealty.net\/","name":"Brokealty","description":"Desarrollo de Software Corporativo para empresas Inmobiliarias","publisher":{"@id":"https:\/\/brokealty.net\/#organization"},"potentialAction":[{"@type":"SearchAction","target":{"@type":"EntryPoint","urlTemplate":"https:\/\/brokealty.net\/?s={search_term_string}"},"query-input":{"@type":"PropertyValueSpecification","valueRequired":true,"valueName":"search_term_string"}}],"inLanguage":"en-US"},{"@type":"Organization","@id":"https:\/\/brokealty.net\/#organization","name":"Brokealty","url":"https:\/\/brokealty.net\/","logo":{"@type":"ImageObject","inLanguage":"en-US","@id":"https:\/\/brokealty.net\/#\/schema\/logo\/image\/","url":"https:\/\/brokealty.net\/wp-content\/uploads\/2024\/05\/Logo.svg","contentUrl":"https:\/\/brokealty.net\/wp-content\/uploads\/2024\/05\/Logo.svg","width":367,"height":80,"caption":"Brokealty"},"image":{"@id":"https:\/\/brokealty.net\/#\/schema\/logo\/image\/"}}]}},"_links":{"self":[{"href":"https:\/\/brokealty.net\/en\/wp-json\/wp\/v2\/pages\/479","targetHints":{"allow":["GET"]}}],"collection":[{"href":"https:\/\/brokealty.net\/en\/wp-json\/wp\/v2\/pages"}],"about":[{"href":"https:\/\/brokealty.net\/en\/wp-json\/wp\/v2\/types\/page"}],"author":[{"embeddable":true,"href":"https:\/\/brokealty.net\/en\/wp-json\/wp\/v2\/users\/1"}],"replies":[{"embeddable":true,"href":"https:\/\/brokealty.net\/en\/wp-json\/wp\/v2\/comments?post=479"}],"version-history":[{"count":6,"href":"https:\/\/brokealty.net\/en\/wp-json\/wp\/v2\/pages\/479\/revisions"}],"predecessor-version":[{"id":634,"href":"https:\/\/brokealty.net\/en\/wp-json\/wp\/v2\/pages\/479\/revisions\/634"}],"wp:attachment":[{"href":"https:\/\/brokealty.net\/en\/wp-json\/wp\/v2\/media?parent=479"}],"curies":[{"name":"wp","href":"https:\/\/api.w.org\/{rel}","templated":true}]}}