{"id":481,"date":"2024-04-25T06:57:05","date_gmt":"2024-04-25T04:57:05","guid":{"rendered":"https:\/\/app.brokealty.lat.do\/?page_id=481"},"modified":"2024-05-30T13:54:05","modified_gmt":"2024-05-30T13:54:05","slug":"return-policies","status":"publish","type":"page","link":"https:\/\/brokealty.net\/en\/return-policies\/","title":{"rendered":"Return Policy"},"content":{"rendered":"<div data-elementor-type=\"wp-page\" data-elementor-id=\"481\" class=\"elementor elementor-481\" data-elementor-post-type=\"page\">\n\t\t\t\t<div class=\"elementor-element elementor-element-400ed77 e-flex e-con-boxed e-con e-parent\" data-id=\"400ed77\" data-element_type=\"container\" data-settings=\"{&quot;background_background&quot;:&quot;classic&quot;}\">\n\t\t\t\t\t<div class=\"e-con-inner\">\n\t\t<div class=\"elementor-element elementor-element-c1ed90e e-con-full e-flex e-con e-child\" data-id=\"c1ed90e\" data-element_type=\"container\">\n\t\t<div class=\"elementor-element elementor-element-2780574 e-con-full e-flex e-con e-child\" data-id=\"2780574\" data-element_type=\"container\">\n\t\t<div class=\"elementor-element elementor-element-59f7877 e-con-full e-flex e-con e-child\" data-id=\"59f7877\" data-element_type=\"container\">\n\t\t\t\t<div class=\"elementor-element elementor-element-b081bb9 elementor-widget elementor-widget-heading\" data-id=\"b081bb9\" data-element_type=\"widget\" data-widget_type=\"heading.default\">\n\t\t\t\t<div class=\"elementor-widget-container\">\n\t\t\t\t\t<h2 class=\"elementor-heading-title elementor-size-default\">Politicas de devoluci\u00f3n de Brokealty<\/h2>\t\t\t\t<\/div>\n\t\t\t\t<\/div>\n\t\t\t\t<div class=\"elementor-element elementor-element-666dc51 elementor-widget-divider--view-line elementor-widget elementor-widget-divider\" data-id=\"666dc51\" data-element_type=\"widget\" data-widget_type=\"divider.default\">\n\t\t\t\t<div class=\"elementor-widget-container\">\n\t\t\t\t\t\t\t<div class=\"elementor-divider\">\n\t\t\t<span class=\"elementor-divider-separator\">\n\t\t\t\t\t\t<\/span>\n\t\t<\/div>\n\t\t\t\t\t\t<\/div>\n\t\t\t\t<\/div>\n\t\t\t\t<div class=\"elementor-element elementor-element-0c530fb elementor-widget__width-initial elementor-widget elementor-widget-text-editor\" data-id=\"0c530fb\" data-element_type=\"widget\" data-widget_type=\"text-editor.default\">\n\t\t\t\t<div class=\"elementor-widget-container\">\n\t\t\t\t\t\t\t\t\tLast update on Thursday May 30, 2024\t\t\t\t\t\t\t\t<\/div>\n\t\t\t\t<\/div>\n\t\t\t\t<\/div>\n\t\t<div class=\"elementor-element elementor-element-37d124b e-con-full e-flex e-con e-child\" data-id=\"37d124b\" data-element_type=\"container\">\n\t\t\t\t<\/div>\n\t\t\t\t<\/div>\n\t\t\t\t<\/div>\n\t\t\t\t\t<\/div>\n\t\t\t\t<\/div>\n\t\t<div class=\"elementor-element elementor-element-36f13f9 e-flex e-con-boxed e-con e-parent\" data-id=\"36f13f9\" data-element_type=\"container\" data-settings=\"{&quot;background_background&quot;:&quot;classic&quot;}\">\n\t\t\t\t\t<div class=\"e-con-inner\">\n\t\t<div class=\"elementor-element elementor-element-38b05e7 e-con-full e-flex e-con e-child\" data-id=\"38b05e7\" data-element_type=\"container\">\n\t\t<div class=\"elementor-element elementor-element-794068e e-con-full e-flex e-con e-child\" data-id=\"794068e\" data-element_type=\"container\">\n\t\t<div class=\"elementor-element elementor-element-127b72a e-con-full e-flex e-con e-child\" data-id=\"127b72a\" data-element_type=\"container\">\n\t\t\t\t<div class=\"elementor-element elementor-element-d50b9f7 elementor-widget elementor-widget-text-editor\" data-id=\"d50b9f7\" data-element_type=\"widget\" data-widget_type=\"text-editor.default\">\n\t\t\t\t<div class=\"elementor-widget-container\">\n\t\t\t\t\t\t\t\t\t<p>If you are not satisfied with the Services\u00a0<strong>Brokealty<\/strong>\u00a0subject to a Fee for a service or subscription period commitment and which is your initial purchase of such service, you may give us notice of cancellation for any reason within fourteen (14) days of the date you have ordered or first activated such Brokealty Services (the \u201cRefund\u201d and the \u201cRefund Period\u201d). The Refund is only applicable to the initial purchase of Brokealty services and any of its digital products. The Refund is not applicable to additional purchases, upgrades, modifications or renewals of the Brokealty Services. If you reside in a jurisdiction that requires a longer Refund Period, we will of course be happy to accommodate such requirements, in accordance with all applicable laws. If Brokealty receives such notice within the Refund Period, it will refund to you the amount actually charged to you for the Brokealty Services, in the currency for which you were originally charged, and cancel the Brokealty Services accordingly. Please note that the Refund amount may be different from the amount you were charged due to exchange rate variations and third party fees. Brokealty will not be responsible for any difference caused by changes in exchange rates or fees that were charged by third parties. After the Refund Period, Fees paid by you are non-refundable and non-cancelable. Furthermore, if we find that a cancellation notice has been given in bad faith or in an illegitimate attempt to avoid payment for services actually received and enjoyed, we reserve the right to still charge the User who sent such notice for the Brokealty Services. actually received, to the extent permitted by law.<\/p><p>Please note: Some of the services purchased on or through the Brokealty Services may be non-refundable. These include Third Party Services such as domains, business tools and applications. The terms of each application or service purchased are indicated on the Website.\u00a0<b>Brokealty<\/b>\u00a0or as part of or during the purchasing process of such services or applications. It is your obligation to verify the ability to cancel a service before purchasing it. Brokealty will not refund amounts paid for non-refundable Paid Services, applications or third-party services.\u00a0<\/p><p><b>Chargebacks<\/b><\/p><p>If at any time we record a decline, chargeback or other rejection of a charge of the Fees payable to your Brokealty account (&quot;Chargeback&quot;), this will be considered a breach of your payment obligations hereunder, and the use of Brokealty services may be automatically disabled or terminated.\u00a0<\/p><p>In the event of a Chargeback, your User Account may be blocked without the option to repurchase or reuse it, and the data contained in such User Account, including domains, applications and Third Party Services may be subject to cancellation. and Loss of Capacity.<\/p><p>Your use of the Services\u00a0<b>Brokealty<\/b>\u00a0will not be resumed until you resubscribe to the Brokealty Services and pay any applicable charges in full, including all Fees and expenses incurred by Brokealty or any Third Party Services for each Chargeback received (including Fees for Brokealty Services provided before the Chargeback, handling and processing charges and expenses incurred by the payment processor).<\/p><p>If you have any questions or concerns regarding a payment made to Brokealty, we encourage you to first contact our Customer Service team before submitting a Chargeback or payment reversal, to avoid cancellation of Brokealty Services. and blocking your User Account, and to prevent the unjustified or erroneous submission of a Chargeback, which may result in you being liable for applicable Charges, in addition to repayment of all Fees applicable to the Brokealty Services purchased ( and Backloaded) by you.<\/p><p>We reserve the right to dispute any Chargeback received, including providing the applicable credit card company or financial institution with information and documentation proving that the User responsible for such Chargeback actually authorized the transaction and made use of the services provided thereafter. of that.<\/p><p><b>Automatic subscription renewals<\/b><\/p><p>To ensure that you do not experience any interruption or loss of services, some paid services include an automatic renewal option by default, whereby unless you turn off the automatic renewal option, such Paid Services will automatically renew at the end of the applicable subscription period, for a renewal period of duration equal to the original subscription period (excluding extended periods) and, unless otherwise notified, at the same price (subject to applicable Tax changes and excluding any discount or other promotional offer offered for the first period) (\u201cRenewal of Paid Services\u201d). For example, if a Service&#039;s original subscription period is one month, each of its renewal periods (as applicable) will be for one month. Accordingly, as applicable, Brokealty will automatically attempt to charge you the applicable Fees using the Credit Card on file within two (2) weeks prior to the beginning of such renewal period. If we are unable to collect Fees owed by you, we may at our sole discretion (but shall not be obligated to) retry collection at a later time, or suspend or terminate your User Account, without prior notice. If your Renewal of Paid Services is subject to an annual or multi-year subscription period, Brokealty will attempt to provide you with notice prior to the renewal of such Paid Service at least thirty (30) days prior to the renewal date.<\/p><p>You may disable the option for Automatic Renewal of Paid Services at any time in your User Account or by visiting the Brokealty Help Center.<\/p><p>Certain domains are subject to a different renewal policy as detailed in the Domain Registration Agreement. Notwithstanding anything to the contrary in the foregoing, you are and shall be solely responsible for verifying and ensuring the successful renewal of the Brokealty Services that you use (whether or not the Brokealty Services are subject to automatic subscription renewals). . Accordingly, you will have sole liability for any discontinuation of Brokealty Services previously purchased by you, including due to cancellation, failure to charge applicable Recurring Fees, or due to some of Brokealty&#039;s services not being subject to to automatic subscription renewals. You acknowledge and agree that you will have no claims against Brokealty in connection with the discontinuation of any of the Brokealty Services or Third Party Services, for any reason.<\/p>\t\t\t\t\t\t\t\t<\/div>\n\t\t\t\t<\/div>\n\t\t\t\t<\/div>\n\t\t<div class=\"elementor-element elementor-element-ee703c5 e-con-full e-flex e-con e-child\" data-id=\"ee703c5\" data-element_type=\"container\" data-settings=\"{&quot;sticky&quot;:&quot;top&quot;,&quot;sticky_on&quot;:[&quot;desktop&quot;],&quot;sticky_offset&quot;:80,&quot;sticky_parent&quot;:&quot;yes&quot;,&quot;sticky_effects_offset&quot;:0,&quot;sticky_anchor_link_offset&quot;:0}\">\n\t\t\t\t<\/div>\n\t\t\t\t<\/div>\n\t\t\t\t<\/div>\n\t\t\t\t\t<\/div>\n\t\t\t\t<\/div>\n\t\t\t\t<\/div>","protected":false},"excerpt":{"rendered":"<p>If you are dissatisfied with Brokealty Services that are subject to a Fee for a service commitment period or subscription and which is your initial purchase of such service, you may give us notice of cancellation for any reason within fourteen (14) days of the date you have ordered or [\u2026]<\/p>","protected":false},"author":1,"featured_media":0,"parent":0,"menu_order":0,"comment_status":"closed","ping_status":"closed","template":"","meta":{"footnotes":""},"class_list":["post-481","page","type-page","status-publish","hentry"],"yoast_head":"<!-- This site is optimized with the Yoast SEO plugin v25.1 - https:\/\/yoast.com\/wordpress\/plugins\/seo\/ -->\n<title>Politicas de devoluci\u00f3n - Brokealty<\/title>\n<meta name=\"robots\" content=\"noindex, follow, max-snippet:-1, max-image-preview:large, max-video-preview:-1\" \/>\n<meta property=\"og:locale\" content=\"en_US\" \/>\n<meta property=\"og:type\" content=\"article\" \/>\n<meta property=\"og:title\" content=\"Politicas de devoluci\u00f3n - Brokealty\" \/>\n<meta property=\"og:description\" content=\"Si no est\u00e1 satisfecho con los Servicios de\u00a0Brokealty\u00a0sujetos a un Cargo por un compromiso de per\u00edodo de servicio o suscripci\u00f3n y el cual es su compra inicial de dicho servicio, usted puede darnos un aviso de cancelaci\u00f3n por cualquier raz\u00f3n dentro de los catorce (14) d\u00edas siguientes a la fecha en que ha ordenado o [&hellip;]\" \/>\n<meta property=\"og:url\" content=\"https:\/\/brokealty.net\/en\/return-policies\/\" \/>\n<meta property=\"og:site_name\" content=\"Brokealty\" \/>\n<meta property=\"article:modified_time\" content=\"2024-05-30T13:54:05+00:00\" \/>\n<meta name=\"twitter:card\" content=\"summary_large_image\" \/>\n<meta name=\"twitter:label1\" content=\"Est. reading time\" \/>\n\t<meta name=\"twitter:data1\" content=\"6 minutes\" \/>\n<script type=\"application\/ld+json\" class=\"yoast-schema-graph\">{\"@context\":\"https:\/\/schema.org\",\"@graph\":[{\"@type\":\"WebPage\",\"@id\":\"https:\/\/brokealty.net\/politicas-devolucion\/\",\"url\":\"https:\/\/brokealty.net\/politicas-devolucion\/\",\"name\":\"Politicas de devoluci\u00f3n - Brokealty\",\"isPartOf\":{\"@id\":\"https:\/\/brokealty.net\/#website\"},\"datePublished\":\"2024-04-25T04:57:05+00:00\",\"dateModified\":\"2024-05-30T13:54:05+00:00\",\"breadcrumb\":{\"@id\":\"https:\/\/brokealty.net\/politicas-devolucion\/#breadcrumb\"},\"inLanguage\":\"en-US\",\"potentialAction\":[{\"@type\":\"ReadAction\",\"target\":[\"https:\/\/brokealty.net\/politicas-devolucion\/\"]}]},{\"@type\":\"BreadcrumbList\",\"@id\":\"https:\/\/brokealty.net\/politicas-devolucion\/#breadcrumb\",\"itemListElement\":[{\"@type\":\"ListItem\",\"position\":1,\"name\":\"Home\",\"item\":\"https:\/\/brokealty.net\/\"},{\"@type\":\"ListItem\",\"position\":2,\"name\":\"Politicas de devoluci\u00f3n\"}]},{\"@type\":\"WebSite\",\"@id\":\"https:\/\/brokealty.net\/#website\",\"url\":\"https:\/\/brokealty.net\/\",\"name\":\"Brokealty\",\"description\":\"Desarrollo de Software Corporativo para empresas Inmobiliarias\",\"publisher\":{\"@id\":\"https:\/\/brokealty.net\/#organization\"},\"potentialAction\":[{\"@type\":\"SearchAction\",\"target\":{\"@type\":\"EntryPoint\",\"urlTemplate\":\"https:\/\/brokealty.net\/?s={search_term_string}\"},\"query-input\":{\"@type\":\"PropertyValueSpecification\",\"valueRequired\":true,\"valueName\":\"search_term_string\"}}],\"inLanguage\":\"en-US\"},{\"@type\":\"Organization\",\"@id\":\"https:\/\/brokealty.net\/#organization\",\"name\":\"Brokealty\",\"url\":\"https:\/\/brokealty.net\/\",\"logo\":{\"@type\":\"ImageObject\",\"inLanguage\":\"en-US\",\"@id\":\"https:\/\/brokealty.net\/#\/schema\/logo\/image\/\",\"url\":\"https:\/\/brokealty.net\/wp-content\/uploads\/2024\/05\/Logo.svg\",\"contentUrl\":\"https:\/\/brokealty.net\/wp-content\/uploads\/2024\/05\/Logo.svg\",\"width\":367,\"height\":80,\"caption\":\"Brokealty\"},\"image\":{\"@id\":\"https:\/\/brokealty.net\/#\/schema\/logo\/image\/\"}}]}<\/script>\n<!-- \/ Yoast SEO plugin. -->","yoast_head_json":{"title":"Politicas de devoluci\u00f3n - Brokealty","robots":{"index":"noindex","follow":"follow","max-snippet":"max-snippet:-1","max-image-preview":"max-image-preview:large","max-video-preview":"max-video-preview:-1"},"og_locale":"en_US","og_type":"article","og_title":"Politicas de devoluci\u00f3n - Brokealty","og_description":"Si no est\u00e1 satisfecho con los Servicios de\u00a0Brokealty\u00a0sujetos a un Cargo por un compromiso de per\u00edodo de servicio o suscripci\u00f3n y el cual es su compra inicial de dicho servicio, usted puede darnos un aviso de cancelaci\u00f3n por cualquier raz\u00f3n dentro de los catorce (14) d\u00edas siguientes a la fecha en que ha ordenado o [&hellip;]","og_url":"https:\/\/brokealty.net\/en\/return-policies\/","og_site_name":"Brokealty","article_modified_time":"2024-05-30T13:54:05+00:00","twitter_card":"summary_large_image","twitter_misc":{"Est. reading time":"6 minutes"},"schema":{"@context":"https:\/\/schema.org","@graph":[{"@type":"WebPage","@id":"https:\/\/brokealty.net\/politicas-devolucion\/","url":"https:\/\/brokealty.net\/politicas-devolucion\/","name":"Politicas de devoluci\u00f3n - Brokealty","isPartOf":{"@id":"https:\/\/brokealty.net\/#website"},"datePublished":"2024-04-25T04:57:05+00:00","dateModified":"2024-05-30T13:54:05+00:00","breadcrumb":{"@id":"https:\/\/brokealty.net\/politicas-devolucion\/#breadcrumb"},"inLanguage":"en-US","potentialAction":[{"@type":"ReadAction","target":["https:\/\/brokealty.net\/politicas-devolucion\/"]}]},{"@type":"BreadcrumbList","@id":"https:\/\/brokealty.net\/politicas-devolucion\/#breadcrumb","itemListElement":[{"@type":"ListItem","position":1,"name":"Home","item":"https:\/\/brokealty.net\/"},{"@type":"ListItem","position":2,"name":"Politicas de devoluci\u00f3n"}]},{"@type":"WebSite","@id":"https:\/\/brokealty.net\/#website","url":"https:\/\/brokealty.net\/","name":"Brokealty","description":"Desarrollo de Software Corporativo para empresas Inmobiliarias","publisher":{"@id":"https:\/\/brokealty.net\/#organization"},"potentialAction":[{"@type":"SearchAction","target":{"@type":"EntryPoint","urlTemplate":"https:\/\/brokealty.net\/?s={search_term_string}"},"query-input":{"@type":"PropertyValueSpecification","valueRequired":true,"valueName":"search_term_string"}}],"inLanguage":"en-US"},{"@type":"Organization","@id":"https:\/\/brokealty.net\/#organization","name":"Brokealty","url":"https:\/\/brokealty.net\/","logo":{"@type":"ImageObject","inLanguage":"en-US","@id":"https:\/\/brokealty.net\/#\/schema\/logo\/image\/","url":"https:\/\/brokealty.net\/wp-content\/uploads\/2024\/05\/Logo.svg","contentUrl":"https:\/\/brokealty.net\/wp-content\/uploads\/2024\/05\/Logo.svg","width":367,"height":80,"caption":"Brokealty"},"image":{"@id":"https:\/\/brokealty.net\/#\/schema\/logo\/image\/"}}]}},"_links":{"self":[{"href":"https:\/\/brokealty.net\/en\/wp-json\/wp\/v2\/pages\/481","targetHints":{"allow":["GET"]}}],"collection":[{"href":"https:\/\/brokealty.net\/en\/wp-json\/wp\/v2\/pages"}],"about":[{"href":"https:\/\/brokealty.net\/en\/wp-json\/wp\/v2\/types\/page"}],"author":[{"embeddable":true,"href":"https:\/\/brokealty.net\/en\/wp-json\/wp\/v2\/users\/1"}],"replies":[{"embeddable":true,"href":"https:\/\/brokealty.net\/en\/wp-json\/wp\/v2\/comments?post=481"}],"version-history":[{"count":6,"href":"https:\/\/brokealty.net\/en\/wp-json\/wp\/v2\/pages\/481\/revisions"}],"predecessor-version":[{"id":637,"href":"https:\/\/brokealty.net\/en\/wp-json\/wp\/v2\/pages\/481\/revisions\/637"}],"wp:attachment":[{"href":"https:\/\/brokealty.net\/en\/wp-json\/wp\/v2\/media?parent=481"}],"curies":[{"name":"wp","href":"https:\/\/api.w.org\/{rel}","templated":true}]}}