{"id":485,"date":"2024-04-25T06:57:40","date_gmt":"2024-04-25T04:57:40","guid":{"rendered":"https:\/\/app.brokealty.lat.do\/?page_id=485"},"modified":"2024-05-30T14:02:11","modified_gmt":"2024-05-30T14:02:11","slug":"cookie-policies","status":"publish","type":"page","link":"https:\/\/brokealty.net\/en\/cookie-policies\/","title":{"rendered":"Cookie policies"},"content":{"rendered":"<div data-elementor-type=\"wp-page\" data-elementor-id=\"485\" class=\"elementor elementor-485\" data-elementor-post-type=\"page\">\n\t\t\t\t<div class=\"elementor-element elementor-element-28fd115 e-flex e-con-boxed e-con e-parent\" data-id=\"28fd115\" data-element_type=\"container\" data-settings=\"{&quot;background_background&quot;:&quot;classic&quot;}\">\n\t\t\t\t\t<div class=\"e-con-inner\">\n\t\t<div class=\"elementor-element elementor-element-bf7da71 e-con-full e-flex e-con e-child\" data-id=\"bf7da71\" data-element_type=\"container\">\n\t\t<div class=\"elementor-element elementor-element-1c7f391 e-con-full e-flex e-con e-child\" data-id=\"1c7f391\" data-element_type=\"container\">\n\t\t<div class=\"elementor-element elementor-element-9cccac7 e-con-full e-flex e-con e-child\" data-id=\"9cccac7\" data-element_type=\"container\">\n\t\t\t\t<div class=\"elementor-element elementor-element-b82ce27 elementor-widget elementor-widget-heading\" data-id=\"b82ce27\" data-element_type=\"widget\" data-widget_type=\"heading.default\">\n\t\t\t\t<div class=\"elementor-widget-container\">\n\t\t\t\t\t<h2 class=\"elementor-heading-title elementor-size-default\">Pol\u00edticas de cookies de Brokealty<\/h2>\t\t\t\t<\/div>\n\t\t\t\t<\/div>\n\t\t\t\t<div class=\"elementor-element elementor-element-774940a elementor-widget-divider--view-line elementor-widget elementor-widget-divider\" data-id=\"774940a\" data-element_type=\"widget\" data-widget_type=\"divider.default\">\n\t\t\t\t<div class=\"elementor-widget-container\">\n\t\t\t\t\t\t\t<div class=\"elementor-divider\">\n\t\t\t<span class=\"elementor-divider-separator\">\n\t\t\t\t\t\t<\/span>\n\t\t<\/div>\n\t\t\t\t\t\t<\/div>\n\t\t\t\t<\/div>\n\t\t\t\t<div class=\"elementor-element elementor-element-9a0158a elementor-widget__width-initial elementor-widget elementor-widget-text-editor\" data-id=\"9a0158a\" data-element_type=\"widget\" data-widget_type=\"text-editor.default\">\n\t\t\t\t<div class=\"elementor-widget-container\">\n\t\t\t\t\t\t\t\t\tLast update on Thursday May 30, 2024\t\t\t\t\t\t\t\t<\/div>\n\t\t\t\t<\/div>\n\t\t\t\t<\/div>\n\t\t<div class=\"elementor-element elementor-element-57d0a77 e-con-full e-flex e-con e-child\" data-id=\"57d0a77\" data-element_type=\"container\">\n\t\t\t\t<\/div>\n\t\t\t\t<\/div>\n\t\t\t\t<\/div>\n\t\t\t\t\t<\/div>\n\t\t\t\t<\/div>\n\t\t<div class=\"elementor-element elementor-element-fd6cd53 e-flex e-con-boxed e-con e-parent\" data-id=\"fd6cd53\" data-element_type=\"container\" data-settings=\"{&quot;background_background&quot;:&quot;classic&quot;}\">\n\t\t\t\t\t<div class=\"e-con-inner\">\n\t\t<div class=\"elementor-element elementor-element-8a76108 e-con-full e-flex e-con e-child\" data-id=\"8a76108\" data-element_type=\"container\">\n\t\t<div class=\"elementor-element elementor-element-f52d4b0 e-con-full e-flex e-con e-child\" data-id=\"f52d4b0\" data-element_type=\"container\">\n\t\t<div class=\"elementor-element elementor-element-cf943f6 e-con-full e-flex e-con e-child\" data-id=\"cf943f6\" data-element_type=\"container\">\n\t\t\t\t<div class=\"elementor-element elementor-element-2cf1c22 elementor-widget elementor-widget-text-editor\" data-id=\"2cf1c22\" data-element_type=\"widget\" data-widget_type=\"text-editor.default\">\n\t\t\t\t<div class=\"elementor-widget-container\">\n\t\t\t\t\t\t\t\t\t<p>In&nbsp;<strong>brokealty.net&nbsp;<\/strong>Third-party and own cookies are used to ensure that you have a better browsing experience, can share content on social networks and so that we can obtain user statistics.<\/p>\n<p>You can prevent the downloading of cookies through your browser settings, preventing cookies from being stored on your device.<\/p>\n<p>As the owner of this website, I inform you that we do not use any personal information from cookies, we only compile general visit statistics that do not involve any personal information.<\/p>\n<p>It is very important that you read this cookie policy and understand that, if you continue browsing, we will consider that you accept its use.<\/p>\n<p>According to the terms included in article 22.2 of Law 34\/2002 on Information Society Services and Electronic Commerce, if you continue browsing, you will be giving your consent to the use of the aforementioned mechanisms.<\/p>\n<h3>Responsible Entity<\/h3>\n<p class=\"ng-binding\">The entity responsible for the collection, processing and use of your personal data, in the sense established by the Personal Data Protection Law, is the Brokealty page, property of Brokealty.<\/p>\n<h3>What are cookies?<\/h3>\n<p>Cookies are a set of data that a server deposits in the user&#039;s browser to collect standard Internet log information and visitor behavior information on a website. That is, these are small text files that are stored on the computer&#039;s hard drive and that serve to identify the user when they connect to the website again. Its objective is to record the user&#039;s visit and save certain information. Its use is common and frequent on the web as it allows pages to function more efficiently and achieve greater personalization and analysis of user behavior.<\/p>\n<h3>What types of cookies exist?<\/h3>\n<p>The cookies used on our website are session and third-party cookies, and allow us to store and access information related to the language, the type of browser used, and other general characteristics predefined by the user, as well as follow and analyze the activity. that it carries out, with the aim of introducing improvements and providing our services in a more efficient and personalized way.<\/p>\n<p class=\"ng-binding\">Cookies, depending on their permanence, can be divided into session or permanent cookies. Those that expire when the user closes the browser. Those that expire depending on when the purpose for which they serve is fulfilled (for example, so that the user remains identified in Brokealty services) or when they are manually deleted.<\/p>\n<table border=\"0\" width=\"100%\" cellpadding=\"15\">\n<tbody>\n<tr>\n<td>Name<\/td>\n<td>Guy<\/td>\n<td>Expiration<\/td>\n<td>Purpose<\/td>\n<td>Class<\/td>\n<\/tr>\n<tr>\n<td>__utma<\/td>\n<td>From Third Parties (Google Analytics)<\/td>\n<td>2 years<\/td>\n<td>Used to distinguish users and sessions.<\/td>\n<td>Not Exempt<\/td>\n<\/tr>\n<tr>\n<td>__utmb<\/td>\n<td>From Third Parties (Google Analytics)<\/td>\n<td>30 minutes<\/td>\n<td>Used to determine new sessions or visits<\/td>\n<td>Not Exempt<\/td>\n<\/tr>\n<tr>\n<td>__utmc<\/td>\n<td>From Third Parties (Google Analytics)<\/td>\n<td>At the end of the session<\/td>\n<td>Configured for use with Urchin<\/td>\n<td>Not Exempt<\/td>\n<\/tr>\n<tr>\n<td>__utmz<\/td>\n<td>From Third Parties (Google Analytics)<\/td>\n<td>6 months<\/td>\n<td>Stores the origin or campaign that explains how the user reached the web page<\/td>\n<td>Not Exempt<\/td>\n<\/tr>\n<\/tbody>\n<\/table>\n<p class=\"ng-binding\">Additionally, depending on their objective, cookies can be classified as follows:<\/p>\n<h3>Performance cookies<\/h3>\n<p>This type of Cookie remembers your preferences for the tools found on the services, so you do not have to reconfigure the service each time you visit. As an example, this typology includes: Volume adjustments for video or sound players. The video transmission speeds that are supported by your browser. The objects saved in the \u201cshopping cart\u201d in e-commerce services such as stores.<\/p>\n<h3>Geo-location cookies<\/h3>\n<p>These cookies are used to find out which country you are in when you request a service. This cookie is completely anonymous, and is only used to help target content to your location.<\/p>\n<h3>Registration cookies<\/h3>\n<p>Registration cookies are generated once the user has registered or subsequently opened their session, and are used to identify them in the services for the following purposes:<\/p>\n<p>Keep the user identified so that, if they close a service, browser or computer and at another time or another day they re-enter said service, they will continue to be identified, thus facilitating their navigation without having to identify themselves again. This functionality can be deleted if the user clicks on the [logout] functionality, so this cookie is deleted and the next time the user enters the service they will have to log in to be identified.<\/p>\n<p>Check if the user is authorized to access certain services, for example, to participate in a contest.<\/p>\n<p>Additionally, some services may use connectors with social networks such as Facebook or Twitter. When the user registers for a service with credentials from a social network, they authorize the social network to save a persistent Cookie that remembers their identity and guarantees access to the services until it expires. The user can delete this Cookie and revoke access to the services through social networks by updating their preferences on the specific social network.<\/p>\n<h3>Analytics cookies<\/h3>\n<p class=\"ng-binding\">Every time a user visits a service, a tool from a third-party provider generates an analytical cookie on the user&#039;s computer. This cookie, which is only generated during the visit, will be used on future visits to Brokealty services to anonymously identify the visitor. The main objectives pursued are:<\/p>\n<p>Allow the anonymous identification of browsing users through the cookie (it identifies browsers and devices, not people) and therefore the approximate accounting of the number of visitors and their trend over time.<br>Anonymously identify the most visited content and therefore most attractive to users. Know if the user who is accessing is new or repeating a visit.<\/p>\n<p class=\"ng-binding\">Important: Unless the user decides to register for a Brokealty service, the cookie will never be associated with any personal data that may identify them. These cookies will only be used for statistical purposes that help optimize the user experience on the site.<\/p>\n<h3>Advertising cookies<\/h3>\n<p class=\"ng-binding\">These types of cookies allow us to expand the information on the ads shown to each anonymous user on Brokealty services. Among others, the duration or frequency of viewing advertising positions, the interaction with them, or the user&#039;s browsing patterns and\/or behaviors are stored as they help create a profile of advertising interest. In this way, they allow us to offer advertising related to the user&#039;s interests.<\/p>\n<h3>Third party advertising cookies<\/h3>\n<p class=\"ng-binding\">In addition to the advertising managed by the Brokealty websites in their services, the Brokealty websites offer their advertisers the option of serving advertisements through third parties (\u201cAd-Servers\u201d). In this way, these third parties can store cookies sent from Brokealty services from users&#039; browsers, as well as access the data stored therein.<\/p>\n<p class=\"ng-binding\">The companies that generate these cookies have their own privacy policies. Currently, Brokealty websites use the Doubleclick (Google) platform to manage these services. For more information, go to<\/p>\n<p><a href=\"http:\/\/www.google.es\/policies\/privacy\/ads\/#toc-doubleclick\" data-et-has-event-already=\"true\">http:\/\/www.google.es\/policies\/privacy\/ads\/#toc-doubleclick<\/a>&nbsp;already&nbsp;<a href=\"http:\/\/www.google.es\/policies\/privacy\/ads\/\">http:\/\/www.google.es\/policies\/privacy\/ads\/<\/a>.<\/p>\n<h3>How can I disable cookies in my browser?<\/h3>\n<p>Different browsers can be configured to notify the user of the receipt of cookies and, if desired, prevent their installation on the computer. Likewise, the user can check in their browser which cookies they have installed and what their expiration period is, and can delete them.<\/p>\n<p>For more information, consult the instructions and manuals for your browser:<\/p>\n<p>For more information about managing cookies in Google Chrome:&nbsp;<a href=\"https:\/\/support.google.com\/chrome\/answer\/95647?hl=es\">https:\/\/support.google.com\/chrome\/answer\/95647?hl=es<\/a><\/p>\n<p>For more information about managing cookies in Internet Explorer:&nbsp;<a href=\"http:\/\/windows.microsoft.com\/es-es\/windows-vista\/cookies-frequently-asked-questions\">http:\/\/windows.microsoft.com\/es-es\/windows-vista\/cookies-frequently-asked-questions<\/a><\/p>\n<p>For more information about managing cookies in Mozilla Firefox:&nbsp;<a href=\"http:\/\/support.mozilla.org\/es\/kb\/habilitar-y-deshabilitar-cookies-que-los-sitios-we%20\">http:\/\/support.mozilla.org\/es\/kb\/habilitar-y-deshabilitar-cookies-que-los-sitios-we<\/a><\/p>\n<p>For more information about managing cookies in Safari:&nbsp;<a href=\"http:\/\/www.apple.com\/es\/privacy\/use-of-cookies\/%20\">http:\/\/www.apple.com\/es\/privacy\/use-of-cookies\/<\/a><\/p>\n<p>For more information about managing cookies in Opera:&nbsp;<a href=\"http:\/\/help.opera.com\/Windows\/11.50\/es-ES\/cookies.html\">http:\/\/help.opera.com\/Windows\/11.50\/es-ES\/cookies.html<\/a><\/p>\n<p>If you wish to stop being tracked by Google Analytics visit:&nbsp;<a href=\"http:\/\/tools.google.com\/dlpage\/gaoptout\">http:\/\/tools.google.com\/dlpage\/gaoptout<\/a><\/p>\n<h3>Updates and changes in the privacy policy \/ cookies<\/h3>\n<p class=\"ng-binding\">The websites of&nbsp;<strong>Brokealty<\/strong>&nbsp;They may modify this Cookies Policy based on legislative or regulatory requirements, or with the purpose of adapting said policy to the instructions issued by the Spanish Data Protection Agency, therefore users are advised to visit it periodically.<\/p>\n<p>When significant changes occur in this Cookies Policy, these will be communicated to users either through the website or via email to registered users.<\/p>\t\t\t\t\t\t\t\t<\/div>\n\t\t\t\t<\/div>\n\t\t\t\t<\/div>\n\t\t<div class=\"elementor-element elementor-element-0b9379d e-con-full e-flex e-con e-child\" data-id=\"0b9379d\" data-element_type=\"container\" data-settings=\"{&quot;sticky&quot;:&quot;top&quot;,&quot;sticky_on&quot;:[&quot;desktop&quot;],&quot;sticky_offset&quot;:80,&quot;sticky_parent&quot;:&quot;yes&quot;,&quot;sticky_effects_offset&quot;:0,&quot;sticky_anchor_link_offset&quot;:0}\">\n\t\t\t\t<\/div>\n\t\t\t\t<\/div>\n\t\t\t\t<\/div>\n\t\t\t\t\t<\/div>\n\t\t\t\t<\/div>\n\t\t\t\t<\/div>","protected":false},"excerpt":{"rendered":"<p>Brokealty.net uses third-party and own cookies to ensure you have a better browsing experience, to allow you to share content on social networks and to obtain user statistics. You can prevent the download of cookies through your browser settings, preventing cookies from being stored on your device. As a result, cookies are not stored on your computer.<\/p>","protected":false},"author":1,"featured_media":0,"parent":0,"menu_order":0,"comment_status":"closed","ping_status":"closed","template":"","meta":{"footnotes":""},"class_list":["post-485","page","type-page","status-publish","hentry"],"yoast_head":"<!-- This site is optimized with the Yoast SEO plugin v25.1 - https:\/\/yoast.com\/wordpress\/plugins\/seo\/ -->\n<title>Pol\u00edticas de cookies - Brokealty<\/title>\n<meta name=\"robots\" content=\"noindex, follow, max-snippet:-1, max-image-preview:large, max-video-preview:-1\" \/>\n<meta property=\"og:locale\" content=\"en_US\" \/>\n<meta property=\"og:type\" content=\"article\" \/>\n<meta property=\"og:title\" content=\"Pol\u00edticas de cookies - Brokealty\" \/>\n<meta property=\"og:description\" content=\"En&nbsp;brokealty.net&nbsp;se utilizan cookies de terceros y propias para conseguir que tengas una mejor experiencia de navegaci\u00f3n, puedas compartir contenido en redes sociales y para que podamos obtener estad\u00edsticas de los usuarios. Puedes evitar la descarga de cookies a trav\u00e9s de la configuraci\u00f3n de tu navegador, evitando que las cookies se almacenen en su dispositivo. Como [&hellip;]\" \/>\n<meta property=\"og:url\" content=\"https:\/\/brokealty.net\/en\/cookie-policies\/\" \/>\n<meta property=\"og:site_name\" content=\"Brokealty\" \/>\n<meta property=\"article:modified_time\" content=\"2024-05-30T14:02:11+00:00\" \/>\n<meta name=\"twitter:card\" content=\"summary_large_image\" \/>\n<meta name=\"twitter:label1\" content=\"Est. reading time\" \/>\n\t<meta name=\"twitter:data1\" content=\"8 minutes\" \/>\n<script type=\"application\/ld+json\" class=\"yoast-schema-graph\">{\"@context\":\"https:\/\/schema.org\",\"@graph\":[{\"@type\":\"WebPage\",\"@id\":\"https:\/\/brokealty.net\/politicas-de-cookies\/\",\"url\":\"https:\/\/brokealty.net\/politicas-de-cookies\/\",\"name\":\"Pol\u00edticas de cookies - Brokealty\",\"isPartOf\":{\"@id\":\"https:\/\/brokealty.net\/#website\"},\"datePublished\":\"2024-04-25T04:57:40+00:00\",\"dateModified\":\"2024-05-30T14:02:11+00:00\",\"breadcrumb\":{\"@id\":\"https:\/\/brokealty.net\/politicas-de-cookies\/#breadcrumb\"},\"inLanguage\":\"en-US\",\"potentialAction\":[{\"@type\":\"ReadAction\",\"target\":[\"https:\/\/brokealty.net\/politicas-de-cookies\/\"]}]},{\"@type\":\"BreadcrumbList\",\"@id\":\"https:\/\/brokealty.net\/politicas-de-cookies\/#breadcrumb\",\"itemListElement\":[{\"@type\":\"ListItem\",\"position\":1,\"name\":\"Home\",\"item\":\"https:\/\/brokealty.net\/\"},{\"@type\":\"ListItem\",\"position\":2,\"name\":\"Pol\u00edticas de cookies\"}]},{\"@type\":\"WebSite\",\"@id\":\"https:\/\/brokealty.net\/#website\",\"url\":\"https:\/\/brokealty.net\/\",\"name\":\"Brokealty\",\"description\":\"Desarrollo de Software Corporativo para empresas Inmobiliarias\",\"publisher\":{\"@id\":\"https:\/\/brokealty.net\/#organization\"},\"potentialAction\":[{\"@type\":\"SearchAction\",\"target\":{\"@type\":\"EntryPoint\",\"urlTemplate\":\"https:\/\/brokealty.net\/?s={search_term_string}\"},\"query-input\":{\"@type\":\"PropertyValueSpecification\",\"valueRequired\":true,\"valueName\":\"search_term_string\"}}],\"inLanguage\":\"en-US\"},{\"@type\":\"Organization\",\"@id\":\"https:\/\/brokealty.net\/#organization\",\"name\":\"Brokealty\",\"url\":\"https:\/\/brokealty.net\/\",\"logo\":{\"@type\":\"ImageObject\",\"inLanguage\":\"en-US\",\"@id\":\"https:\/\/brokealty.net\/#\/schema\/logo\/image\/\",\"url\":\"https:\/\/brokealty.net\/wp-content\/uploads\/2024\/05\/Logo.svg\",\"contentUrl\":\"https:\/\/brokealty.net\/wp-content\/uploads\/2024\/05\/Logo.svg\",\"width\":367,\"height\":80,\"caption\":\"Brokealty\"},\"image\":{\"@id\":\"https:\/\/brokealty.net\/#\/schema\/logo\/image\/\"}}]}<\/script>\n<!-- \/ Yoast SEO plugin. -->","yoast_head_json":{"title":"Pol\u00edticas de cookies - Brokealty","robots":{"index":"noindex","follow":"follow","max-snippet":"max-snippet:-1","max-image-preview":"max-image-preview:large","max-video-preview":"max-video-preview:-1"},"og_locale":"en_US","og_type":"article","og_title":"Pol\u00edticas de cookies - Brokealty","og_description":"En&nbsp;brokealty.net&nbsp;se utilizan cookies de terceros y propias para conseguir que tengas una mejor experiencia de navegaci\u00f3n, puedas compartir contenido en redes sociales y para que podamos obtener estad\u00edsticas de los usuarios. Puedes evitar la descarga de cookies a trav\u00e9s de la configuraci\u00f3n de tu navegador, evitando que las cookies se almacenen en su dispositivo. Como [&hellip;]","og_url":"https:\/\/brokealty.net\/en\/cookie-policies\/","og_site_name":"Brokealty","article_modified_time":"2024-05-30T14:02:11+00:00","twitter_card":"summary_large_image","twitter_misc":{"Est. reading time":"8 minutes"},"schema":{"@context":"https:\/\/schema.org","@graph":[{"@type":"WebPage","@id":"https:\/\/brokealty.net\/politicas-de-cookies\/","url":"https:\/\/brokealty.net\/politicas-de-cookies\/","name":"Pol\u00edticas de cookies - Brokealty","isPartOf":{"@id":"https:\/\/brokealty.net\/#website"},"datePublished":"2024-04-25T04:57:40+00:00","dateModified":"2024-05-30T14:02:11+00:00","breadcrumb":{"@id":"https:\/\/brokealty.net\/politicas-de-cookies\/#breadcrumb"},"inLanguage":"en-US","potentialAction":[{"@type":"ReadAction","target":["https:\/\/brokealty.net\/politicas-de-cookies\/"]}]},{"@type":"BreadcrumbList","@id":"https:\/\/brokealty.net\/politicas-de-cookies\/#breadcrumb","itemListElement":[{"@type":"ListItem","position":1,"name":"Home","item":"https:\/\/brokealty.net\/"},{"@type":"ListItem","position":2,"name":"Pol\u00edticas de cookies"}]},{"@type":"WebSite","@id":"https:\/\/brokealty.net\/#website","url":"https:\/\/brokealty.net\/","name":"Brokealty","description":"Desarrollo de Software Corporativo para empresas Inmobiliarias","publisher":{"@id":"https:\/\/brokealty.net\/#organization"},"potentialAction":[{"@type":"SearchAction","target":{"@type":"EntryPoint","urlTemplate":"https:\/\/brokealty.net\/?s={search_term_string}"},"query-input":{"@type":"PropertyValueSpecification","valueRequired":true,"valueName":"search_term_string"}}],"inLanguage":"en-US"},{"@type":"Organization","@id":"https:\/\/brokealty.net\/#organization","name":"Brokealty","url":"https:\/\/brokealty.net\/","logo":{"@type":"ImageObject","inLanguage":"en-US","@id":"https:\/\/brokealty.net\/#\/schema\/logo\/image\/","url":"https:\/\/brokealty.net\/wp-content\/uploads\/2024\/05\/Logo.svg","contentUrl":"https:\/\/brokealty.net\/wp-content\/uploads\/2024\/05\/Logo.svg","width":367,"height":80,"caption":"Brokealty"},"image":{"@id":"https:\/\/brokealty.net\/#\/schema\/logo\/image\/"}}]}},"_links":{"self":[{"href":"https:\/\/brokealty.net\/en\/wp-json\/wp\/v2\/pages\/485","targetHints":{"allow":["GET"]}}],"collection":[{"href":"https:\/\/brokealty.net\/en\/wp-json\/wp\/v2\/pages"}],"about":[{"href":"https:\/\/brokealty.net\/en\/wp-json\/wp\/v2\/types\/page"}],"author":[{"embeddable":true,"href":"https:\/\/brokealty.net\/en\/wp-json\/wp\/v2\/users\/1"}],"replies":[{"embeddable":true,"href":"https:\/\/brokealty.net\/en\/wp-json\/wp\/v2\/comments?post=485"}],"version-history":[{"count":15,"href":"https:\/\/brokealty.net\/en\/wp-json\/wp\/v2\/pages\/485\/revisions"}],"predecessor-version":[{"id":646,"href":"https:\/\/brokealty.net\/en\/wp-json\/wp\/v2\/pages\/485\/revisions\/646"}],"wp:attachment":[{"href":"https:\/\/brokealty.net\/en\/wp-json\/wp\/v2\/media?parent=485"}],"curies":[{"name":"wp","href":"https:\/\/api.w.org\/{rel}","templated":true}]}}