{"id":564,"date":"2024-05-30T05:21:51","date_gmt":"2024-05-30T05:21:51","guid":{"rendered":"https:\/\/brokealty.net\/?page_id=564"},"modified":"2025-05-13T10:17:22","modified_gmt":"2025-05-13T10:17:22","slug":"contact-us","status":"publish","type":"page","link":"https:\/\/brokealty.net\/en\/contact-us\/","title":{"rendered":"Contact us"},"content":{"rendered":"<div data-elementor-type=\"wp-page\" data-elementor-id=\"564\" class=\"elementor elementor-564\" data-elementor-post-type=\"page\">\n\t\t\t\t<div class=\"elementor-element elementor-element-2647edb e-flex e-con-boxed e-con e-parent\" data-id=\"2647edb\" data-element_type=\"container\">\n\t\t\t\t\t<div class=\"e-con-inner\">\n\t\t<div class=\"elementor-element elementor-element-93bcd97 e-flex e-con-boxed e-con e-child\" data-id=\"93bcd97\" data-element_type=\"container\" data-settings=\"{&quot;background_background&quot;:&quot;classic&quot;}\">\n\t\t\t\t\t<div class=\"e-con-inner\">\n\t\t<div class=\"elementor-element elementor-element-7d047f9 e-con-full elementor-hidden-tablet elementor-hidden-mobile e-flex e-con e-child\" data-id=\"7d047f9\" data-element_type=\"container\">\n\t\t\t\t<div class=\"elementor-element elementor-element-b8aaeea elementor-widget elementor-widget-heading\" data-id=\"b8aaeea\" data-element_type=\"widget\" data-widget_type=\"heading.default\">\n\t\t\t\t<div class=\"elementor-widget-container\">\n\t\t\t\t\t<h2 class=\"elementor-heading-title elementor-size-default\">Let&#039;s work together <b>Would you like to receive a demo of our management and sales platform?<\/b><\/h2>\t\t\t\t<\/div>\n\t\t\t\t<\/div>\n\t\t<div class=\"elementor-element elementor-element-1ed671b e-flex e-con-boxed e-con e-child\" data-id=\"1ed671b\" data-element_type=\"container\">\n\t\t\t\t\t<div class=\"e-con-inner\">\n\t\t\t\t<div class=\"elementor-element elementor-element-7789b7a elementor-position-left elementor-vertical-align-middle elementor-widget__width-initial elementor-view-default elementor-mobile-position-top elementor-widget elementor-widget-icon-box\" data-id=\"7789b7a\" data-element_type=\"widget\" data-widget_type=\"icon-box.default\">\n\t\t\t\t<div class=\"elementor-widget-container\">\n\t\t\t\t\t\t\t<div class=\"elementor-icon-box-wrapper\">\n\n\t\t\t\t\t\t<div class=\"elementor-icon-box-icon\">\n\t\t\t\t<span  class=\"elementor-icon\">\n\t\t\t\t<i aria-hidden=\"true\" class=\"icomoon icomoon-location2\"><\/i>\t\t\t\t<\/span>\n\t\t\t<\/div>\n\t\t\t\n\t\t\t\t\t\t<div class=\"elementor-icon-box-content\">\n\n\t\t\t\t\t\t\t\t\t<h3 class=\"elementor-icon-box-title\">\n\t\t\t\t\t\t<span  >\n\t\t\t\t\t\t\t609 Alton Ave Reading PA 19605 United States\t\t\t\t\t\t<\/span>\n\t\t\t\t\t<\/h3>\n\t\t\t\t\n\t\t\t\t\n\t\t\t<\/div>\n\t\t\t\n\t\t<\/div>\n\t\t\t\t\t\t<\/div>\n\t\t\t\t<\/div>\n\t\t\t\t<div class=\"elementor-element elementor-element-74c51c8 elementor-position-left elementor-vertical-align-middle elementor-widget__width-initial elementor-view-default elementor-mobile-position-top elementor-widget elementor-widget-icon-box\" data-id=\"74c51c8\" data-element_type=\"widget\" data-widget_type=\"icon-box.default\">\n\t\t\t\t<div class=\"elementor-widget-container\">\n\t\t\t\t\t\t\t<div class=\"elementor-icon-box-wrapper\">\n\n\t\t\t\t\t\t<div class=\"elementor-icon-box-icon\">\n\t\t\t\t<a href=\"http:\/\/18298261258\" class=\"elementor-icon\" tabindex=\"-1\" aria-label=\"+1 (786) 600-1598\">\n\t\t\t\t<svg aria-hidden=\"true\" class=\"e-font-icon-svg e-fas-phone-alt\" viewbox=\"0 0 512 512\" xmlns=\"http:\/\/www.w3.org\/2000\/svg\"><path d=\"M497.39 361.8l-112-48a24 24 0 0 0-28 6.9l-49.6 60.6A370.66 370.66 0 0 1 130.6 204.11l60.6-49.6a23.94 23.94 0 0 0 6.9-28l-48-112A24.16 24.16 0 0 0 122.6.61l-104 24A24 24 0 0 0 0 48c0 256.5 207.9 464 464 464a24 24 0 0 0 23.4-18.6l24-104a24.29 24.29 0 0 0-14.01-27.6z\"><\/path><\/svg>\t\t\t\t<\/a>\n\t\t\t<\/div>\n\t\t\t\n\t\t\t\t\t\t<div class=\"elementor-icon-box-content\">\n\n\t\t\t\t\t\t\t\t\t<h3 class=\"elementor-icon-box-title\">\n\t\t\t\t\t\t<a href=\"http:\/\/18298261258\" >\n\t\t\t\t\t\t\t+1 (786) 600-1598\t\t\t\t\t\t<\/a>\n\t\t\t\t\t<\/h3>\n\t\t\t\t\n\t\t\t\t\n\t\t\t<\/div>\n\t\t\t\n\t\t<\/div>\n\t\t\t\t\t\t<\/div>\n\t\t\t\t<\/div>\n\t\t\t\t<div class=\"elementor-element elementor-element-a3e5a1b elementor-position-left elementor-vertical-align-middle elementor-widget__width-initial elementor-view-default elementor-mobile-position-top elementor-widget elementor-widget-icon-box\" data-id=\"a3e5a1b\" data-element_type=\"widget\" data-widget_type=\"icon-box.default\">\n\t\t\t\t<div class=\"elementor-widget-container\">\n\t\t\t\t\t\t\t<div class=\"elementor-icon-box-wrapper\">\n\n\t\t\t\t\t\t<div class=\"elementor-icon-box-icon\">\n\t\t\t\t<a href=\"mailto:soporte@brokealty.net\" class=\"elementor-icon\" tabindex=\"-1\" aria-label=\"support@brokealty.net\">\n\t\t\t\t<i aria-hidden=\"true\" class=\"ion ion-ios-mail\"><\/i>\t\t\t\t<\/a>\n\t\t\t<\/div>\n\t\t\t\n\t\t\t\t\t\t<div class=\"elementor-icon-box-content\">\n\n\t\t\t\t\t\t\t\t\t<h3 class=\"elementor-icon-box-title\">\n\t\t\t\t\t\t<a href=\"mailto:soporte@brokealty.net\" >\n\t\t\t\t\t\t\tsupport@brokealty.net\t\t\t\t\t\t<\/a>\n\t\t\t\t\t<\/h3>\n\t\t\t\t\n\t\t\t\t\n\t\t\t<\/div>\n\t\t\t\n\t\t<\/div>\n\t\t\t\t\t\t<\/div>\n\t\t\t\t<\/div>\n\t\t<div class=\"elementor-element elementor-element-9701897 e-flex e-con-boxed e-con e-child\" data-id=\"9701897\" data-element_type=\"container\">\n\t\t\t\t\t<div class=\"e-con-inner\">\n\t\t\t\t\t<\/div>\n\t\t\t\t<\/div>\n\t\t\t\t\t<\/div>\n\t\t\t\t<\/div>\n\t\t\t\t<\/div>\n\t\t<div class=\"elementor-element elementor-element-302b235 e-con-full e-flex e-con e-child\" data-id=\"302b235\" data-element_type=\"container\" data-settings=\"{&quot;background_background&quot;:&quot;classic&quot;}\">\n\t\t\t\t<div class=\"elementor-element elementor-element-4c09490 elementor-widget elementor-widget-heading\" data-id=\"4c09490\" data-element_type=\"widget\" data-widget_type=\"heading.default\">\n\t\t\t\t<div class=\"elementor-widget-container\">\n\t\t\t\t\t<h2 class=\"elementor-heading-title elementor-size-default\">I&#039;m interested in a quote<\/h2>\t\t\t\t<\/div>\n\t\t\t\t<\/div>\n\t\t\t\t<div class=\"elementor-element elementor-element-ce513d6 elementor-button-align-start elementor-widget elementor-widget-form\" data-id=\"ce513d6\" data-element_type=\"widget\" data-settings=\"{&quot;step_next_label&quot;:&quot;Next&quot;,&quot;step_previous_label&quot;:&quot;Previous&quot;,&quot;button_width&quot;:&quot;100&quot;,&quot;step_type&quot;:&quot;number_text&quot;,&quot;step_icon_shape&quot;:&quot;circle&quot;}\" data-widget_type=\"form.default\">\n\t\t\t\t<div class=\"elementor-widget-container\">\n\t\t\t\t\t\t\t<form class=\"elementor-form\" method=\"post\" name=\"Formulario de contacto\" action=\"\">\n\t\t\t<input type=\"hidden\" name=\"post_id\" value=\"564\"\/>\n\t\t\t<input type=\"hidden\" name=\"form_id\" value=\"ce513d6\"\/>\n\t\t\t<input type=\"hidden\" name=\"referer_title\" value=\"Brokealty\" \/>\n\n\t\t\t\n\t\t\t<div class=\"elementor-form-fields-wrapper elementor-labels-\">\n\t\t\t\t\t\t\t\t<div class=\"elementor-field-type-radio elementor-field-group elementor-column elementor-field-group-field_04bbbef elementor-col-100 elementor-field-required\">\n\t\t\t\t\t<div class=\"elementor-field-subgroup  elementor-subgroup-inline\"><span class=\"elementor-field-option\"><input type=\"radio\" value=\"Soy Desarollador\" id=\"form-field-field_04bbbef-0\" name=\"form_fields[field_04bbbef]\" required=\"required\"> <label for=\"form-field-field_04bbbef-0\">I am a developer<\/label><\/span><span class=\"elementor-field-option\"><input type=\"radio\" value=\"Soy Agencia\" id=\"form-field-field_04bbbef-1\" name=\"form_fields[field_04bbbef]\" required=\"required\"> <label for=\"form-field-field_04bbbef-1\">I am Agency<\/label><\/span><span class=\"elementor-field-option\"><input type=\"radio\" value=\"Soy Agente\" id=\"form-field-field_04bbbef-2\" name=\"form_fields[field_04bbbef]\" required=\"required\"> <label for=\"form-field-field_04bbbef-2\">I am an Agent<\/label><\/span><span class=\"elementor-field-option\"><input type=\"radio\" value=\"Otro perfil\" id=\"form-field-field_04bbbef-3\" name=\"form_fields[field_04bbbef]\" required=\"required\"> <label for=\"form-field-field_04bbbef-3\">Another profile<\/label><\/span><\/div>\t\t\t\t<\/div>\n\t\t\t\t\t\t\t\t<div class=\"elementor-field-type-text elementor-field-group elementor-column elementor-field-group-name elementor-col-100 elementor-field-required\">\n\t\t\t\t\t\t\t\t\t\t\t\t\t<input size=\"1\" type=\"text\" name=\"form_fields[name]\" id=\"form-field-name\" class=\"elementor-field elementor-size-sm  elementor-field-textual\" placeholder=\"Your name\" required=\"required\">\n\t\t\t\t\t\t\t\t\t\t\t<\/div>\n\t\t\t\t\t\t\t\t<div class=\"elementor-field-type-tel elementor-field-group elementor-column elementor-field-group-field_4508d9d elementor-col-100 elementor-field-required\">\n\t\t\t\t\t\t\t<input size=\"1\" type=\"tel\" name=\"form_fields[field_4508d9d]\" id=\"form-field-field_4508d9d\" class=\"elementor-field elementor-size-sm  elementor-field-textual\" placeholder=\"Your phone or WhatsApp\" required=\"required\" pattern=\"[0-9()#&amp;+*-=.]+\" title=\"Only numbers and phone characters (#, -, *, etc) are accepted.\">\n\n\t\t\t\t\t\t<\/div>\n\t\t\t\t\t\t\t\t<div class=\"elementor-field-type-email elementor-field-group elementor-column elementor-field-group-email elementor-col-100 elementor-field-required\">\n\t\t\t\t\t\t\t\t\t\t\t\t\t<input size=\"1\" type=\"email\" name=\"form_fields[email]\" id=\"form-field-email\" class=\"elementor-field elementor-size-sm  elementor-field-textual\" placeholder=\"Your email\" required=\"required\">\n\t\t\t\t\t\t\t\t\t\t\t<\/div>\n\t\t\t\t\t\t\t\t<div class=\"elementor-field-type-text elementor-field-group elementor-column elementor-field-group-field_868c338 elementor-col-100 elementor-field-required\">\n\t\t\t\t\t\t\t\t\t\t\t\t\t<input size=\"1\" type=\"text\" name=\"form_fields[field_868c338]\" id=\"form-field-field_868c338\" class=\"elementor-field elementor-size-sm  elementor-field-textual\" placeholder=\"Your company\" required=\"required\">\n\t\t\t\t\t\t\t\t\t\t\t<\/div>\n\t\t\t\t\t\t\t\t<div class=\"elementor-field-type-textarea elementor-field-group elementor-column elementor-field-group-message elementor-col-100\">\n\t\t\t\t\t<textarea class=\"elementor-field-textual elementor-field  elementor-size-sm\" name=\"form_fields[message]\" id=\"form-field-message\" rows=\"4\" placeholder=\"Your message\"><\/textarea>\t\t\t\t<\/div>\n\t\t\t\t\t\t\t\t<div class=\"elementor-field-type-recaptcha_v3 elementor-field-group elementor-column elementor-field-group-field_6ddef7c elementor-col-100 recaptcha_v3-bottomright\">\n\t\t\t\t\t<div class=\"elementor-field\" id=\"form-field-field_6ddef7c\"><div class=\"elementor-g-recaptcha\" data-sitekey=\"6Le3YOEqAAAAAJDHxvwAajcfNT_JhUDK-hUawhlu\" data-type=\"v3\" data-action=\"Form\" data-badge=\"bottomright\" data-size=\"invisible\"><\/div><\/div>\t\t\t\t<\/div>\n\t\t\t\t\t\t\t\t<div class=\"elementor-field-group elementor-column elementor-field-type-submit elementor-col-100 e-form__buttons\">\n\t\t\t\t\t<button class=\"elementor-button elementor-size-sm\" type=\"submit\">\n\t\t\t\t\t\t<span class=\"elementor-button-content-wrapper\">\n\t\t\t\t\t\t\t\t\t\t\t\t\t\t\t<span class=\"elementor-button-icon\">\n\t\t\t\t\t\t\t\t\t<i aria-hidden=\"true\" class=\"ion ion-ios-send\"><\/i>\t\t\t\t\t\t\t\t\t\t\t\t\t\t\t\t\t<\/span>\n\t\t\t\t\t\t\t\t\t\t\t\t\t\t\t\t\t\t\t\t\t\t<span class=\"elementor-button-text\">Send Message<\/span>\n\t\t\t\t\t\t\t\t\t\t\t\t\t<\/span>\n\t\t\t\t\t<\/button>\n\t\t\t\t<\/div>\n\t\t\t<\/div>\n\t\t<input type=\"hidden\" name=\"trp-form-language\" value=\"en\"\/><\/form>\n\t\t\t\t\t\t<\/div>\n\t\t\t\t<\/div>\n\t\t\t\t<\/div>\n\t\t\t\t\t<\/div>\n\t\t\t\t<\/div>\n\t\t\t\t\t<\/div>\n\t\t\t\t<\/div>\n\t\t\t\t<\/div>","protected":false},"excerpt":{"rendered":"<p>Let&#039;s work together. Would you like to receive a demo of our management and sales platform? 609 Alton Ave Reading PA 19605 United States +1 (786) 600-1598 sopote@brokealty.net I&#039;m interested in a quote.<\/p>","protected":false},"author":1,"featured_media":0,"parent":0,"menu_order":0,"comment_status":"closed","ping_status":"closed","template":"","meta":{"footnotes":""},"class_list":["post-564","page","type-page","status-publish","hentry"],"yoast_head":"<!-- This site is optimized with the Yoast SEO plugin v25.1 - https:\/\/yoast.com\/wordpress\/plugins\/seo\/ -->\n<title>Cont\u00e1ctanos - Brokealty<\/title>\n<meta name=\"robots\" content=\"noindex, follow, max-snippet:-1, max-image-preview:large, max-video-preview:-1\" \/>\n<meta property=\"og:locale\" content=\"en_US\" \/>\n<meta property=\"og:type\" content=\"article\" \/>\n<meta property=\"og:title\" content=\"Cont\u00e1ctanos - Brokealty\" \/>\n<meta property=\"og:description\" content=\"Trabajemos juntos\u2028 \u00bfTe gustar\u00eda recibir un demo de nuestra plataforma de gesti\u00f3n y venta? 609 Alton Ave Reading PA 19605 United States +1 (786) 600-1598 sopote@brokealty.net Me interesa una cotizaci\u00f3n\" \/>\n<meta property=\"og:url\" content=\"https:\/\/brokealty.net\/en\/contact-us\/\" \/>\n<meta property=\"og:site_name\" content=\"Brokealty\" \/>\n<meta property=\"article:modified_time\" content=\"2025-05-13T10:17:22+00:00\" \/>\n<meta name=\"twitter:card\" content=\"summary_large_image\" \/>\n<meta name=\"twitter:label1\" content=\"Est. reading time\" \/>\n\t<meta name=\"twitter:data1\" content=\"1 minute\" \/>\n<script type=\"application\/ld+json\" class=\"yoast-schema-graph\">{\"@context\":\"https:\/\/schema.org\",\"@graph\":[{\"@type\":\"WebPage\",\"@id\":\"https:\/\/brokealty.net\/contactanos\/\",\"url\":\"https:\/\/brokealty.net\/contactanos\/\",\"name\":\"Cont\u00e1ctanos - Brokealty\",\"isPartOf\":{\"@id\":\"https:\/\/brokealty.net\/#website\"},\"datePublished\":\"2024-05-30T05:21:51+00:00\",\"dateModified\":\"2025-05-13T10:17:22+00:00\",\"breadcrumb\":{\"@id\":\"https:\/\/brokealty.net\/contactanos\/#breadcrumb\"},\"inLanguage\":\"en-US\",\"potentialAction\":[{\"@type\":\"ReadAction\",\"target\":[\"https:\/\/brokealty.net\/contactanos\/\"]}]},{\"@type\":\"BreadcrumbList\",\"@id\":\"https:\/\/brokealty.net\/contactanos\/#breadcrumb\",\"itemListElement\":[{\"@type\":\"ListItem\",\"position\":1,\"name\":\"Home\",\"item\":\"https:\/\/brokealty.net\/\"},{\"@type\":\"ListItem\",\"position\":2,\"name\":\"Cont\u00e1ctanos\"}]},{\"@type\":\"WebSite\",\"@id\":\"https:\/\/brokealty.net\/#website\",\"url\":\"https:\/\/brokealty.net\/\",\"name\":\"Brokealty\",\"description\":\"Desarrollo de Software Corporativo para empresas Inmobiliarias\",\"publisher\":{\"@id\":\"https:\/\/brokealty.net\/#organization\"},\"potentialAction\":[{\"@type\":\"SearchAction\",\"target\":{\"@type\":\"EntryPoint\",\"urlTemplate\":\"https:\/\/brokealty.net\/?s={search_term_string}\"},\"query-input\":{\"@type\":\"PropertyValueSpecification\",\"valueRequired\":true,\"valueName\":\"search_term_string\"}}],\"inLanguage\":\"en-US\"},{\"@type\":\"Organization\",\"@id\":\"https:\/\/brokealty.net\/#organization\",\"name\":\"Brokealty\",\"url\":\"https:\/\/brokealty.net\/\",\"logo\":{\"@type\":\"ImageObject\",\"inLanguage\":\"en-US\",\"@id\":\"https:\/\/brokealty.net\/#\/schema\/logo\/image\/\",\"url\":\"https:\/\/brokealty.net\/wp-content\/uploads\/2024\/05\/Logo.svg\",\"contentUrl\":\"https:\/\/brokealty.net\/wp-content\/uploads\/2024\/05\/Logo.svg\",\"width\":367,\"height\":80,\"caption\":\"Brokealty\"},\"image\":{\"@id\":\"https:\/\/brokealty.net\/#\/schema\/logo\/image\/\"}}]}<\/script>\n<!-- \/ Yoast SEO plugin. -->","yoast_head_json":{"title":"Cont\u00e1ctanos - Brokealty","robots":{"index":"noindex","follow":"follow","max-snippet":"max-snippet:-1","max-image-preview":"max-image-preview:large","max-video-preview":"max-video-preview:-1"},"og_locale":"en_US","og_type":"article","og_title":"Cont\u00e1ctanos - Brokealty","og_description":"Trabajemos juntos\u2028 \u00bfTe gustar\u00eda recibir un demo de nuestra plataforma de gesti\u00f3n y venta? 609 Alton Ave Reading PA 19605 United States +1 (786) 600-1598 sopote@brokealty.net Me interesa una cotizaci\u00f3n","og_url":"https:\/\/brokealty.net\/en\/contact-us\/","og_site_name":"Brokealty","article_modified_time":"2025-05-13T10:17:22+00:00","twitter_card":"summary_large_image","twitter_misc":{"Est. reading time":"1 minute"},"schema":{"@context":"https:\/\/schema.org","@graph":[{"@type":"WebPage","@id":"https:\/\/brokealty.net\/contactanos\/","url":"https:\/\/brokealty.net\/contactanos\/","name":"Cont\u00e1ctanos - Brokealty","isPartOf":{"@id":"https:\/\/brokealty.net\/#website"},"datePublished":"2024-05-30T05:21:51+00:00","dateModified":"2025-05-13T10:17:22+00:00","breadcrumb":{"@id":"https:\/\/brokealty.net\/contactanos\/#breadcrumb"},"inLanguage":"en-US","potentialAction":[{"@type":"ReadAction","target":["https:\/\/brokealty.net\/contactanos\/"]}]},{"@type":"BreadcrumbList","@id":"https:\/\/brokealty.net\/contactanos\/#breadcrumb","itemListElement":[{"@type":"ListItem","position":1,"name":"Home","item":"https:\/\/brokealty.net\/"},{"@type":"ListItem","position":2,"name":"Cont\u00e1ctanos"}]},{"@type":"WebSite","@id":"https:\/\/brokealty.net\/#website","url":"https:\/\/brokealty.net\/","name":"Brokealty","description":"Desarrollo de Software Corporativo para empresas Inmobiliarias","publisher":{"@id":"https:\/\/brokealty.net\/#organization"},"potentialAction":[{"@type":"SearchAction","target":{"@type":"EntryPoint","urlTemplate":"https:\/\/brokealty.net\/?s={search_term_string}"},"query-input":{"@type":"PropertyValueSpecification","valueRequired":true,"valueName":"search_term_string"}}],"inLanguage":"en-US"},{"@type":"Organization","@id":"https:\/\/brokealty.net\/#organization","name":"Brokealty","url":"https:\/\/brokealty.net\/","logo":{"@type":"ImageObject","inLanguage":"en-US","@id":"https:\/\/brokealty.net\/#\/schema\/logo\/image\/","url":"https:\/\/brokealty.net\/wp-content\/uploads\/2024\/05\/Logo.svg","contentUrl":"https:\/\/brokealty.net\/wp-content\/uploads\/2024\/05\/Logo.svg","width":367,"height":80,"caption":"Brokealty"},"image":{"@id":"https:\/\/brokealty.net\/#\/schema\/logo\/image\/"}}]}},"_links":{"self":[{"href":"https:\/\/brokealty.net\/en\/wp-json\/wp\/v2\/pages\/564","targetHints":{"allow":["GET"]}}],"collection":[{"href":"https:\/\/brokealty.net\/en\/wp-json\/wp\/v2\/pages"}],"about":[{"href":"https:\/\/brokealty.net\/en\/wp-json\/wp\/v2\/types\/page"}],"author":[{"embeddable":true,"href":"https:\/\/brokealty.net\/en\/wp-json\/wp\/v2\/users\/1"}],"replies":[{"embeddable":true,"href":"https:\/\/brokealty.net\/en\/wp-json\/wp\/v2\/comments?post=564"}],"version-history":[{"count":52,"href":"https:\/\/brokealty.net\/en\/wp-json\/wp\/v2\/pages\/564\/revisions"}],"predecessor-version":[{"id":1091,"href":"https:\/\/brokealty.net\/en\/wp-json\/wp\/v2\/pages\/564\/revisions\/1091"}],"wp:attachment":[{"href":"https:\/\/brokealty.net\/en\/wp-json\/wp\/v2\/media?parent=564"}],"curies":[{"name":"wp","href":"https:\/\/api.w.org\/{rel}","templated":true}]}}