{"id":782,"date":"2024-06-03T04:13:22","date_gmt":"2024-06-03T04:13:22","guid":{"rendered":"https:\/\/brokealty.net\/?page_id=782"},"modified":"2024-06-03T04:14:13","modified_gmt":"2024-06-03T04:14:13","slug":"schedule-demo","status":"publish","type":"page","link":"https:\/\/brokealty.net\/en\/schedule-demo\/","title":{"rendered":"Schedule demo"},"content":{"rendered":"<div data-elementor-type=\"wp-page\" data-elementor-id=\"782\" class=\"elementor elementor-782\" data-elementor-post-type=\"page\">\n\t\t\t\t<div class=\"elementor-element elementor-element-6c05a7cd e-flex e-con-boxed e-con e-parent\" data-id=\"6c05a7cd\" data-element_type=\"container\">\n\t\t\t\t\t<div class=\"e-con-inner\">\n\t\t\t\t<div class=\"elementor-element elementor-element-57f240f5 elementor-widget__width-initial elementor-widget elementor-widget-heading\" data-id=\"57f240f5\" data-element_type=\"widget\" data-widget_type=\"heading.default\">\n\t\t\t\t<div class=\"elementor-widget-container\">\n\t\t\t\t\t<h2 class=\"elementor-heading-title elementor-size-default\">Schedule a free demo and start increasing sales\n<\/h2>\t\t\t\t<\/div>\n\t\t\t\t<\/div>\n\t\t\t\t<div class=\"elementor-element elementor-element-49cbc69b elementor-widget elementor-widget-heading\" data-id=\"49cbc69b\" data-element_type=\"widget\" data-widget_type=\"heading.default\">\n\t\t\t\t<div class=\"elementor-widget-container\">\n\t\t\t\t\t<p class=\"elementor-heading-title elementor-size-default\">Select the date and time that best suits you on the calendar. During this session, a sales agent will connect with you to give you a detailed tour of the platform. Take the opportunity to resolve all your questions directly with our expert.<\/p>\t\t\t\t<\/div>\n\t\t\t\t<\/div>\n\t\t\t\t\t<\/div>\n\t\t\t\t<\/div>\n\t\t<div class=\"elementor-element elementor-element-5386f472 e-flex e-con-boxed e-con e-parent\" data-id=\"5386f472\" data-element_type=\"container\">\n\t\t\t\t\t<div class=\"e-con-inner\">\n\t\t<div class=\"elementor-element elementor-element-bcdc791 e-con-full e-flex e-con e-child\" data-id=\"bcdc791\" data-element_type=\"container\">\n\t\t\t\t<div class=\"elementor-element elementor-element-5e8eecf3 elementor-widget elementor-widget-html\" data-id=\"5e8eecf3\" data-element_type=\"widget\" data-widget_type=\"html.default\">\n\t\t\t\t<div class=\"elementor-widget-container\">\n\t\t\t\t\t<!-- Principio del widget integrado de Calendly -->\n<div class=\"calendly-inline-widget\" data-url=\"https:\/\/calendly.com\/soporte-3b6c\/30min\" style=\"min-width:320px;height:580px;\"><\/div>\n<script type=\"text\/javascript\" src=\"https:\/\/assets.calendly.com\/assets\/external\/widget.js\" async><\/script>\n<!-- Final del widget integrado de Calendly -->\t\t\t\t<\/div>\n\t\t\t\t<\/div>\n\t\t\t\t<\/div>\n\t\t<div class=\"elementor-element elementor-element-7dc55120 e-con-full e-flex e-con e-child\" data-id=\"7dc55120\" data-element_type=\"container\">\n\t\t\t\t<div class=\"elementor-element elementor-element-7183694d elementor-widget elementor-widget-image\" data-id=\"7183694d\" data-element_type=\"widget\" data-widget_type=\"image.default\">\n\t\t\t\t<div class=\"elementor-widget-container\">\n\t\t\t\t\t\t\t\t\t\t\t\t\t\t\t<img fetchpriority=\"high\" decoding=\"async\" width=\"1600\" height=\"1067\" src=\"https:\/\/brokealty.net\/wp-content\/uploads\/2024\/06\/Demo.jpeg\" class=\"attachment-full size-full wp-image-784\" alt=\"\" srcset=\"https:\/\/brokealty.net\/wp-content\/uploads\/2024\/06\/Demo.jpeg 1600w, https:\/\/brokealty.net\/wp-content\/uploads\/2024\/06\/Demo-300x200.jpeg 300w, https:\/\/brokealty.net\/wp-content\/uploads\/2024\/06\/Demo-1024x683.jpeg 1024w, https:\/\/brokealty.net\/wp-content\/uploads\/2024\/06\/Demo-768x512.jpeg 768w, https:\/\/brokealty.net\/wp-content\/uploads\/2024\/06\/Demo-1536x1024.jpeg 1536w, https:\/\/brokealty.net\/wp-content\/uploads\/2024\/06\/Demo-18x12.jpeg 18w\" sizes=\"(max-width: 1600px) 100vw, 1600px\" \/>\t\t\t\t\t\t\t\t\t\t\t\t\t\t\t<\/div>\n\t\t\t\t<\/div>\n\t\t\t\t<\/div>\n\t\t\t\t\t<\/div>\n\t\t\t\t<\/div>\n\t\t\t\t<\/div>","protected":false},"excerpt":{"rendered":"<p>Schedule a free demo and start increasing sales Select the date and time that best suits you on the calendar. During this session, a sales representative will connect with you to give you a detailed tour of the platform. Take the opportunity to resolve all your questions directly with our expert.<\/p>","protected":false},"author":1,"featured_media":0,"parent":0,"menu_order":0,"comment_status":"closed","ping_status":"closed","template":"","meta":{"footnotes":""},"class_list":["post-782","page","type-page","status-publish","hentry"],"yoast_head":"<!-- This site is optimized with the Yoast SEO plugin v25.1 - https:\/\/yoast.com\/wordpress\/plugins\/seo\/ -->\n<title>Agendar demo - Brokealty<\/title>\n<meta name=\"robots\" content=\"noindex, follow, max-snippet:-1, max-image-preview:large, max-video-preview:-1\" \/>\n<meta property=\"og:locale\" content=\"en_US\" \/>\n<meta property=\"og:type\" content=\"article\" \/>\n<meta property=\"og:title\" content=\"Agendar demo - Brokealty\" \/>\n<meta property=\"og:description\" content=\"Agenda un demo gratis y empieza a aumentar las ventas Selecciona en el calendario la fecha y hora que m\u00e1s te convenga. Durante esta sesi\u00f3n, un agente de ventas se conectar\u00e1 contigo para ofrecerte un recorrido detallado por la plataforma. Aprovecha la oportunidad para resolver todas tus preguntas directamente con nuestro experto.\" \/>\n<meta property=\"og:url\" content=\"https:\/\/brokealty.net\/en\/schedule-demo\/\" \/>\n<meta property=\"og:site_name\" content=\"Brokealty\" \/>\n<meta property=\"article:modified_time\" content=\"2024-06-03T04:14:13+00:00\" \/>\n<meta property=\"og:image\" content=\"https:\/\/brokealty.net\/wp-content\/uploads\/2024\/06\/Demo.jpeg\" \/>\n<meta name=\"twitter:card\" content=\"summary_large_image\" \/>\n<meta name=\"twitter:label1\" content=\"Est. reading time\" \/>\n\t<meta name=\"twitter:data1\" content=\"1 minute\" \/>\n<script type=\"application\/ld+json\" class=\"yoast-schema-graph\">{\"@context\":\"https:\/\/schema.org\",\"@graph\":[{\"@type\":\"WebPage\",\"@id\":\"https:\/\/brokealty.net\/agendar-demo\/\",\"url\":\"https:\/\/brokealty.net\/agendar-demo\/\",\"name\":\"Agendar demo - Brokealty\",\"isPartOf\":{\"@id\":\"https:\/\/brokealty.net\/#website\"},\"primaryImageOfPage\":{\"@id\":\"https:\/\/brokealty.net\/agendar-demo\/#primaryimage\"},\"image\":{\"@id\":\"https:\/\/brokealty.net\/agendar-demo\/#primaryimage\"},\"thumbnailUrl\":\"https:\/\/brokealty.net\/wp-content\/uploads\/2024\/06\/Demo.jpeg\",\"datePublished\":\"2024-06-03T04:13:22+00:00\",\"dateModified\":\"2024-06-03T04:14:13+00:00\",\"breadcrumb\":{\"@id\":\"https:\/\/brokealty.net\/agendar-demo\/#breadcrumb\"},\"inLanguage\":\"en-US\",\"potentialAction\":[{\"@type\":\"ReadAction\",\"target\":[\"https:\/\/brokealty.net\/agendar-demo\/\"]}]},{\"@type\":\"ImageObject\",\"inLanguage\":\"en-US\",\"@id\":\"https:\/\/brokealty.net\/agendar-demo\/#primaryimage\",\"url\":\"https:\/\/brokealty.net\/wp-content\/uploads\/2024\/06\/Demo.jpeg\",\"contentUrl\":\"https:\/\/brokealty.net\/wp-content\/uploads\/2024\/06\/Demo.jpeg\"},{\"@type\":\"BreadcrumbList\",\"@id\":\"https:\/\/brokealty.net\/agendar-demo\/#breadcrumb\",\"itemListElement\":[{\"@type\":\"ListItem\",\"position\":1,\"name\":\"Home\",\"item\":\"https:\/\/brokealty.net\/\"},{\"@type\":\"ListItem\",\"position\":2,\"name\":\"Agendar demo\"}]},{\"@type\":\"WebSite\",\"@id\":\"https:\/\/brokealty.net\/#website\",\"url\":\"https:\/\/brokealty.net\/\",\"name\":\"Brokealty\",\"description\":\"Desarrollo de Software Corporativo para empresas Inmobiliarias\",\"publisher\":{\"@id\":\"https:\/\/brokealty.net\/#organization\"},\"potentialAction\":[{\"@type\":\"SearchAction\",\"target\":{\"@type\":\"EntryPoint\",\"urlTemplate\":\"https:\/\/brokealty.net\/?s={search_term_string}\"},\"query-input\":{\"@type\":\"PropertyValueSpecification\",\"valueRequired\":true,\"valueName\":\"search_term_string\"}}],\"inLanguage\":\"en-US\"},{\"@type\":\"Organization\",\"@id\":\"https:\/\/brokealty.net\/#organization\",\"name\":\"Brokealty\",\"url\":\"https:\/\/brokealty.net\/\",\"logo\":{\"@type\":\"ImageObject\",\"inLanguage\":\"en-US\",\"@id\":\"https:\/\/brokealty.net\/#\/schema\/logo\/image\/\",\"url\":\"https:\/\/brokealty.net\/wp-content\/uploads\/2024\/05\/Logo.svg\",\"contentUrl\":\"https:\/\/brokealty.net\/wp-content\/uploads\/2024\/05\/Logo.svg\",\"width\":367,\"height\":80,\"caption\":\"Brokealty\"},\"image\":{\"@id\":\"https:\/\/brokealty.net\/#\/schema\/logo\/image\/\"}}]}<\/script>\n<!-- \/ Yoast SEO plugin. -->","yoast_head_json":{"title":"Agendar demo - Brokealty","robots":{"index":"noindex","follow":"follow","max-snippet":"max-snippet:-1","max-image-preview":"max-image-preview:large","max-video-preview":"max-video-preview:-1"},"og_locale":"en_US","og_type":"article","og_title":"Agendar demo - Brokealty","og_description":"Agenda un demo gratis y empieza a aumentar las ventas Selecciona en el calendario la fecha y hora que m\u00e1s te convenga. Durante esta sesi\u00f3n, un agente de ventas se conectar\u00e1 contigo para ofrecerte un recorrido detallado por la plataforma. Aprovecha la oportunidad para resolver todas tus preguntas directamente con nuestro experto.","og_url":"https:\/\/brokealty.net\/en\/schedule-demo\/","og_site_name":"Brokealty","article_modified_time":"2024-06-03T04:14:13+00:00","og_image":[{"url":"https:\/\/brokealty.net\/wp-content\/uploads\/2024\/06\/Demo.jpeg","type":"","width":"","height":""}],"twitter_card":"summary_large_image","twitter_misc":{"Est. reading time":"1 minute"},"schema":{"@context":"https:\/\/schema.org","@graph":[{"@type":"WebPage","@id":"https:\/\/brokealty.net\/agendar-demo\/","url":"https:\/\/brokealty.net\/agendar-demo\/","name":"Agendar demo - Brokealty","isPartOf":{"@id":"https:\/\/brokealty.net\/#website"},"primaryImageOfPage":{"@id":"https:\/\/brokealty.net\/agendar-demo\/#primaryimage"},"image":{"@id":"https:\/\/brokealty.net\/agendar-demo\/#primaryimage"},"thumbnailUrl":"https:\/\/brokealty.net\/wp-content\/uploads\/2024\/06\/Demo.jpeg","datePublished":"2024-06-03T04:13:22+00:00","dateModified":"2024-06-03T04:14:13+00:00","breadcrumb":{"@id":"https:\/\/brokealty.net\/agendar-demo\/#breadcrumb"},"inLanguage":"en-US","potentialAction":[{"@type":"ReadAction","target":["https:\/\/brokealty.net\/agendar-demo\/"]}]},{"@type":"ImageObject","inLanguage":"en-US","@id":"https:\/\/brokealty.net\/agendar-demo\/#primaryimage","url":"https:\/\/brokealty.net\/wp-content\/uploads\/2024\/06\/Demo.jpeg","contentUrl":"https:\/\/brokealty.net\/wp-content\/uploads\/2024\/06\/Demo.jpeg"},{"@type":"BreadcrumbList","@id":"https:\/\/brokealty.net\/agendar-demo\/#breadcrumb","itemListElement":[{"@type":"ListItem","position":1,"name":"Home","item":"https:\/\/brokealty.net\/"},{"@type":"ListItem","position":2,"name":"Agendar demo"}]},{"@type":"WebSite","@id":"https:\/\/brokealty.net\/#website","url":"https:\/\/brokealty.net\/","name":"Brokealty","description":"Desarrollo de Software Corporativo para empresas Inmobiliarias","publisher":{"@id":"https:\/\/brokealty.net\/#organization"},"potentialAction":[{"@type":"SearchAction","target":{"@type":"EntryPoint","urlTemplate":"https:\/\/brokealty.net\/?s={search_term_string}"},"query-input":{"@type":"PropertyValueSpecification","valueRequired":true,"valueName":"search_term_string"}}],"inLanguage":"en-US"},{"@type":"Organization","@id":"https:\/\/brokealty.net\/#organization","name":"Brokealty","url":"https:\/\/brokealty.net\/","logo":{"@type":"ImageObject","inLanguage":"en-US","@id":"https:\/\/brokealty.net\/#\/schema\/logo\/image\/","url":"https:\/\/brokealty.net\/wp-content\/uploads\/2024\/05\/Logo.svg","contentUrl":"https:\/\/brokealty.net\/wp-content\/uploads\/2024\/05\/Logo.svg","width":367,"height":80,"caption":"Brokealty"},"image":{"@id":"https:\/\/brokealty.net\/#\/schema\/logo\/image\/"}}]}},"_links":{"self":[{"href":"https:\/\/brokealty.net\/en\/wp-json\/wp\/v2\/pages\/782","targetHints":{"allow":["GET"]}}],"collection":[{"href":"https:\/\/brokealty.net\/en\/wp-json\/wp\/v2\/pages"}],"about":[{"href":"https:\/\/brokealty.net\/en\/wp-json\/wp\/v2\/types\/page"}],"author":[{"embeddable":true,"href":"https:\/\/brokealty.net\/en\/wp-json\/wp\/v2\/users\/1"}],"replies":[{"embeddable":true,"href":"https:\/\/brokealty.net\/en\/wp-json\/wp\/v2\/comments?post=782"}],"version-history":[{"count":4,"href":"https:\/\/brokealty.net\/en\/wp-json\/wp\/v2\/pages\/782\/revisions"}],"predecessor-version":[{"id":789,"href":"https:\/\/brokealty.net\/en\/wp-json\/wp\/v2\/pages\/782\/revisions\/789"}],"wp:attachment":[{"href":"https:\/\/brokealty.net\/en\/wp-json\/wp\/v2\/media?parent=782"}],"curies":[{"name":"wp","href":"https:\/\/api.w.org\/{rel}","templated":true}]}}